{"id":256,"date":"2021-09-03T07:36:58","date_gmt":"2021-09-03T07:36:58","guid":{"rendered":"https:\/\/itbusiness.liquid-themes.com\/elementor\/?page_id=256"},"modified":"2025-11-26T09:59:17","modified_gmt":"2025-11-26T09:59:17","slug":"iletisim","status":"publish","type":"page","link":"https:\/\/sezerhayat.com.tr\/candy\/iletisim\/","title":{"rendered":"\u0130leti\u015fim"},"content":{"rendered":"\t\t<div data-elementor-type=\"wp-page\" data-elementor-id=\"256\" class=\"elementor elementor-256\">\n\t\t\t\t\t\t\t\t\t<section class=\"elementor-section elementor-top-section elementor-element elementor-element-450f1d5a elementor-section-full_width elementor-section-height-default elementor-section-height-default\" data-id=\"450f1d5a\" data-element_type=\"section\">\n\t\t\t\t\t\t<div class=\"elementor-container elementor-column-gap-default\">\n\t\t\t\t\t<div class=\"elementor-column elementor-col-100 elementor-top-column elementor-element elementor-element-1ce73e9f\" data-id=\"1ce73e9f\" data-element_type=\"column\">\n\t\t\t<div class=\"elementor-widget-wrap elementor-element-populated\">\n\t\t\t\t\t\t\t\t<div class=\"elementor-element elementor-element-4b32969f elementor-widget elementor-widget-hub_fancy_heading\" data-id=\"4b32969f\" data-element_type=\"widget\" data-widget_type=\"hub_fancy_heading.default\">\n\t\t\t\t<div class=\"elementor-widget-container\">\n\t\t\t\n\t\t<div id=\"ld-fancy-heading-69e0d4481246b\" class=\"ld-fancy-heading pos-rel\">\n\t\t\t<h2 class=\"ld-fh-element d-inline-block pos-rel  elementor-heading-title lqd-highlight-classic lqd-highlight-grow-left h2\"  > contact us<\/h2>\t\t<\/div>\n\n\t\t\t\t<\/div>\n\t\t\t\t<\/div>\n\t\t\t\t<div class=\"elementor-element elementor-element-3a33f8b elementor-widget elementor-widget-hub_fancy_heading\" data-id=\"3a33f8b\" data-element_type=\"widget\" data-widget_type=\"hub_fancy_heading.default\">\n\t\t\t\t<div class=\"elementor-widget-container\">\n\t\t\t\n\t\t<div id=\"ld-fancy-heading-69e0d4481499c\" class=\"ld-fancy-heading pos-rel\">\n\t\t\t<h6 class=\"ld-fh-element d-inline-block pos-rel  elementor-heading-title lqd-highlight-classic lqd-highlight-grow-left h6\"  > home - contact<\/h6>\t\t<\/div>\n\n\t\t\t\t<\/div>\n\t\t\t\t<\/div>\n\t\t\t\t\t<\/div>\n\t\t<\/div>\n\t\t\t\t\t\t\t<\/div>\n\t\t<\/section>\n\t\t<div class=\"elementor-element elementor-element-cc53dd4 e-flex e-con-boxed e-con\" data-id=\"cc53dd4\" data-element_type=\"container\" data-settings=\"{&quot;background_background&quot;:&quot;classic&quot;,&quot;content_width&quot;:&quot;boxed&quot;}\">\n\t\t\t\t\t<div class=\"e-con-inner\">\n\t\t\t\t<div class=\"elementor-element elementor-element-21ba972 elementor-view-default elementor-widget elementor-widget-icon\" data-id=\"21ba972\" data-element_type=\"widget\" data-widget_type=\"icon.default\">\n\t\t\t\t<div class=\"elementor-widget-container\">\n\t\t\t\t\t<div class=\"elementor-icon-wrapper\">\n\t\t\t<div class=\"elementor-icon\">\n\t\t\t<i aria-hidden=\"true\" class=\"fas fa-arrow-alt-circle-down\"><\/i>\t\t\t<\/div>\n\t\t<\/div>\n\t\t\t\t<\/div>\n\t\t\t\t<\/div>\n\t\t\t\t\t<\/div>\n\t\t\t\t<\/div>\n\t\t\t\t<section class=\"elementor-section elementor-top-section elementor-element elementor-element-5d4f5fcc elementor-section-content-middle elementor-section-boxed elementor-section-height-default elementor-section-height-default\" data-id=\"5d4f5fcc\" data-element_type=\"section\">\n\t\t\t\t\t\t<div class=\"elementor-container elementor-column-gap-custom\">\n\t\t\t\t\t<div class=\"elementor-column elementor-col-100 elementor-top-column elementor-element elementor-element-7e7dfa75\" data-id=\"7e7dfa75\" data-element_type=\"column\">\n\t\t\t<div class=\"elementor-widget-wrap elementor-element-populated\">\n\t\t\t\t\t\t\t\t<div class=\"elementor-element elementor-element-230280e elementor-widget__width-inherit elementor-widget elementor-widget-hub_fancy_heading\" data-id=\"230280e\" data-element_type=\"widget\" data-widget_type=\"hub_fancy_heading.default\">\n\t\t\t\t<div class=\"elementor-widget-container\">\n\t\t\t\n\t\t<div id=\"ld-fancy-heading-69e0d4481e356\" class=\"ld-fancy-heading pos-rel\">\n\t\t\t<h6 class=\"ld-fh-element d-inline-block pos-rel  elementor-heading-title lqd-highlight-classic lqd-highlight-grow-left h6\"  > Candy Na\u0131l art stud\u0131o<\/h6>\t\t<\/div>\n\n\t\t\t\t<\/div>\n\t\t\t\t<\/div>\n\t\t\t\t<div class=\"elementor-element elementor-element-eeb6f04 elementor-widget elementor-widget-heading\" data-id=\"eeb6f04\" data-element_type=\"widget\" data-widget_type=\"heading.default\">\n\t\t\t\t<div class=\"elementor-widget-container\">\n\t\t\t<style>\/*! elementor - v3.15.0 - 20-08-2023 *\/\n.elementor-heading-title{padding:0;margin:0;line-height:1}.elementor-widget-heading .elementor-heading-title[class*=elementor-size-]>a{color:inherit;font-size:inherit;line-height:inherit}.elementor-widget-heading .elementor-heading-title.elementor-size-small{font-size:15px}.elementor-widget-heading .elementor-heading-title.elementor-size-medium{font-size:19px}.elementor-widget-heading .elementor-heading-title.elementor-size-large{font-size:29px}.elementor-widget-heading .elementor-heading-title.elementor-size-xl{font-size:39px}.elementor-widget-heading .elementor-heading-title.elementor-size-xxl{font-size:59px}<\/style><h2 class=\"elementor-heading-title elementor-size-default\">\u0130leti\u015fim Bilgilerimiz<\/h2>\t\t<\/div>\n\t\t\t\t<\/div>\n\t\t\t\t\t<\/div>\n\t\t<\/div>\n\t\t\t\t\t\t\t<\/div>\n\t\t<\/section>\n\t\t<div class=\"elementor-element elementor-element-c9eaf98 e-flex e-con-boxed e-con\" data-id=\"c9eaf98\" data-element_type=\"container\" data-settings=\"{&quot;content_width&quot;:&quot;boxed&quot;}\">\n\t\t\t\t\t<div class=\"e-con-inner\">\n\t\t<div class=\"elementor-element elementor-element-03013a3 e-con-full e-flex e-con\" data-id=\"03013a3\" data-element_type=\"container\" data-settings=\"{&quot;content_width&quot;:&quot;full&quot;}\">\n\t\t\t\t<div class=\"elementor-element elementor-element-5fc2c31 elementor-align-left elementor-widget elementor-widget-ld_icon_box\" data-id=\"5fc2c31\" data-element_type=\"widget\" data-widget_type=\"ld_icon_box.default\">\n\t\t\t\t<div class=\"elementor-widget-container\">\n\t\t\t\n\t\t\t<div id=\"ld_icon_box_5fc2c31\" class=\"iconbox d-flex flex-grow-1 pos-rel align-items-center iconbox-side iconbox-icon-shaped iconbox-square\"   >\n\t\t\t\t\n\t\t\t\t\t\n\t\t\t\t\n\t\t\t\t<div class=\"iconbox-icon-wrap  \"><div class=\"iconbox-icon-container d-inline-flex pos-rel z-index-1 \"><i aria-hidden=\"true\" class=\"fas fa-phone-alt\"><\/i><\/div><\/div>\t\t\t\t\n\t\t\t\t\t\t\t\t\n\t\t\t\t<div class=\"contents \">\t\t\t\t\n\t\t\t\t\t\t\t\t\n\t\t\t\t<h3 class=\"lqd-iconbox-heading \" >Telefon <\/h3>\t\t\t\t<p>+90 533 302 72 76<\/p>\n\t\t\t\t\t\t\t\t\n\t\t\t\t<\/div>\t\t\t\t\n\t\t\t\t\n\t\t\t<\/div>\n\n\t\t\t\t<\/div>\n\t\t\t\t<\/div>\n\t\t\t\t<\/div>\n\t\t<div class=\"elementor-element elementor-element-352b81f e-con-full e-flex e-con\" data-id=\"352b81f\" data-element_type=\"container\" data-settings=\"{&quot;content_width&quot;:&quot;full&quot;}\">\n\t\t\t\t<div class=\"elementor-element elementor-element-7e12747 elementor-align-left elementor-widget elementor-widget-ld_icon_box\" data-id=\"7e12747\" data-element_type=\"widget\" data-widget_type=\"ld_icon_box.default\">\n\t\t\t\t<div class=\"elementor-widget-container\">\n\t\t\t\n\t\t\t<div id=\"ld_icon_box_7e12747\" class=\"iconbox d-flex flex-grow-1 pos-rel align-items-center iconbox-side iconbox-icon-shaped iconbox-square\"   >\n\t\t\t\t\n\t\t\t\t\t\n\t\t\t\t\n\t\t\t\t<div class=\"iconbox-icon-wrap  \"><div class=\"iconbox-icon-container d-inline-flex pos-rel z-index-1 \"><i aria-hidden=\"true\" class=\"far fa-envelope\"><\/i><\/div><\/div>\t\t\t\t\n\t\t\t\t\t\t\t\t\n\t\t\t\t<div class=\"contents \">\t\t\t\t\n\t\t\t\t\t\t\t\t\n\t\t\t\t<h3 class=\"lqd-iconbox-heading \" >\u00c7al\u0131\u015fma Saatleri <\/h3>\t\t\t\t<p>Her G\u00fcn: 10:00 - 20:00<\/p>\n\t\t\t\t\t\t\t\t\n\t\t\t\t<\/div>\t\t\t\t\n\t\t\t\t\n\t\t\t<\/div>\n\n\t\t\t\t<\/div>\n\t\t\t\t<\/div>\n\t\t\t\t<\/div>\n\t\t<div class=\"elementor-element elementor-element-4eec1fd e-con-full e-flex e-con\" data-id=\"4eec1fd\" data-element_type=\"container\" data-settings=\"{&quot;content_width&quot;:&quot;full&quot;}\">\n\t\t\t\t<div class=\"elementor-element elementor-element-2f04ab6 elementor-align-left elementor-widget elementor-widget-ld_icon_box\" data-id=\"2f04ab6\" data-element_type=\"widget\" data-widget_type=\"ld_icon_box.default\">\n\t\t\t\t<div class=\"elementor-widget-container\">\n\t\t\t\n\t\t\t<div id=\"ld_icon_box_2f04ab6\" class=\"iconbox d-flex flex-grow-1 pos-rel align-items-center iconbox-side iconbox-icon-shaped iconbox-square\"   >\n\t\t\t\t\n\t\t\t\t\t\n\t\t\t\t\n\t\t\t\t<div class=\"iconbox-icon-wrap  \"><div class=\"iconbox-icon-container d-inline-flex pos-rel z-index-1 \"><i aria-hidden=\"true\" class=\"fas fa-map-marker-alt\"><\/i><\/div><\/div>\t\t\t\t\n\t\t\t\t\t\t\t\t\n\t\t\t\t<div class=\"contents \">\t\t\t\t\n\t\t\t\t\t\t\t\t\n\t\t\t\t<h3 class=\"lqd-iconbox-heading \" >Adres <\/h3>\t\t\t\t<p><a href=\"https:\/\/maps.app.goo.gl\/2dh444czb2nJ3ENP9\">Girne Mah. Eserli Sok. No:2\nMeri\u00e7 Sitesi\nMaltepe \/ \u0130stanbul <\/a><\/p>\n\t\t\t\t\t\t\t\t\n\t\t\t\t<\/div>\t\t\t\t\n\t\t\t\t\n\t\t\t<\/div>\n\n\t\t\t\t<\/div>\n\t\t\t\t<\/div>\n\t\t\t\t<\/div>\n\t\t\t\t\t<\/div>\n\t\t\t\t<\/div>\n\t\t<div class=\"elementor-element elementor-element-34738e4 e-con-full e-flex e-con\" data-id=\"34738e4\" data-element_type=\"container\" data-settings=\"{&quot;content_width&quot;:&quot;full&quot;}\">\n\t\t\t\t<div class=\"elementor-element elementor-element-1f60061 elementor-widget elementor-widget-google_maps\" data-id=\"1f60061\" data-element_type=\"widget\" data-widget_type=\"google_maps.default\">\n\t\t\t\t<div class=\"elementor-widget-container\">\n\t\t\t<style>\/*! elementor - v3.15.0 - 20-08-2023 *\/\n.elementor-widget-google_maps .elementor-widget-container{overflow:hidden}.elementor-widget-google_maps .elementor-custom-embed{line-height:0}.elementor-widget-google_maps iframe{height:300px}<\/style>\t\t<div class=\"elementor-custom-embed\">\n\t\t\t<iframe loading=\"lazy\"\n\t\t\t\t\tsrc=\"https:\/\/maps.google.com\/maps?q=Girne%20Mah.%20Eserli%20Sok.%20No%3A2%20Meri%C3%A7%20Sitesi%20Maltepe%20%2F%20%C4%B0stanbul&#038;t=m&#038;z=16&#038;output=embed&#038;iwloc=near\"\n\t\t\t\t\ttitle=\"Girne Mah. Eserli Sok. No:2 Meri\u00e7 Sitesi Maltepe \/ \u0130stanbul\"\n\t\t\t\t\taria-label=\"Girne Mah. Eserli Sok. No:2 Meri\u00e7 Sitesi Maltepe \/ \u0130stanbul\"\n\t\t\t><\/iframe>\n\t\t<\/div>\n\t\t\t\t<\/div>\n\t\t\t\t<\/div>\n\t\t\t\t<\/div>\n\t\t\t\t\t\t\t<\/div>\n\t\t","protected":false},"excerpt":{"rendered":"<p>contact us home &#8211; contact Candy Na\u0131l art stud\u0131o \u0130leti\u015fim Bilgilerimiz Telefon +90 533 302 72 76 \u00c7al\u0131\u015fma Saatleri Her G\u00fcn: 10:00 &#8211; 20:00 Adres Girne Mah. Eserli Sok. No:2 Meri\u00e7 Sitesi Maltepe \/ \u0130stanbul<\/p>\n","protected":false},"author":1,"featured_media":0,"parent":0,"menu_order":0,"comment_status":"closed","ping_status":"closed","template":"","meta":{"footnotes":""},"class_list":["post-256","page","type-page","status-publish","hentry"],"_links":{"self":[{"href":"https:\/\/sezerhayat.com.tr\/candy\/wp-json\/wp\/v2\/pages\/256","targetHints":{"allow":["GET"]}}],"collection":[{"href":"https:\/\/sezerhayat.com.tr\/candy\/wp-json\/wp\/v2\/pages"}],"about":[{"href":"https:\/\/sezerhayat.com.tr\/candy\/wp-json\/wp\/v2\/types\/page"}],"author":[{"embeddable":true,"href":"https:\/\/sezerhayat.com.tr\/candy\/wp-json\/wp\/v2\/users\/1"}],"replies":[{"embeddable":true,"href":"https:\/\/sezerhayat.com.tr\/candy\/wp-json\/wp\/v2\/comments?post=256"}],"version-history":[{"count":68,"href":"https:\/\/sezerhayat.com.tr\/candy\/wp-json\/wp\/v2\/pages\/256\/revisions"}],"predecessor-version":[{"id":2700,"href":"https:\/\/sezerhayat.com.tr\/candy\/wp-json\/wp\/v2\/pages\/256\/revisions\/2700"}],"wp:attachment":[{"href":"https:\/\/sezerhayat.com.tr\/candy\/wp-json\/wp\/v2\/media?parent=256"}],"curies":[{"name":"wp","href":"https:\/\/api.w.org\/{rel}","templated":true}]}}