{"id":2509,"date":"2025-10-29T20:17:42","date_gmt":"2025-10-29T20:17:42","guid":{"rendered":"https:\/\/sezerhayat.com.tr\/candy\/?page_id=2509"},"modified":"2025-11-26T15:38:29","modified_gmt":"2025-11-26T15:38:29","slug":"kas-laminasyon","status":"publish","type":"page","link":"https:\/\/sezerhayat.com.tr\/candy\/kas-laminasyon\/","title":{"rendered":"Ka\u015f Laminasyon"},"content":{"rendered":"\t\t<div data-elementor-type=\"wp-page\" data-elementor-id=\"2509\" class=\"elementor elementor-2509\">\n\t\t\t\t\t\t\t<div class=\"elementor-element elementor-element-8de546f e-flex e-con-boxed e-con\" data-id=\"8de546f\" data-element_type=\"container\" data-settings=\"{&quot;background_background&quot;:&quot;classic&quot;,&quot;content_width&quot;:&quot;boxed&quot;}\">\n\t\t\t\t\t<div class=\"e-con-inner\">\n\t\t\t\t<div class=\"elementor-element elementor-element-9ce19c5 elementor-view-default elementor-widget elementor-widget-icon\" data-id=\"9ce19c5\" data-element_type=\"widget\" data-widget_type=\"icon.default\">\n\t\t\t\t<div class=\"elementor-widget-container\">\n\t\t\t\t\t<div class=\"elementor-icon-wrapper\">\n\t\t\t<div class=\"elementor-icon\">\n\t\t\t<i aria-hidden=\"true\" class=\"fas fa-arrow-alt-circle-down\"><\/i>\t\t\t<\/div>\n\t\t<\/div>\n\t\t\t\t<\/div>\n\t\t\t\t<\/div>\n\t\t\t\t\t<\/div>\n\t\t\t\t<\/div>\n\t\t<div class=\"elementor-element elementor-element-1fccbaf e-flex e-con-boxed e-con\" data-id=\"1fccbaf\" data-element_type=\"container\" data-settings=\"{&quot;content_width&quot;:&quot;boxed&quot;}\">\n\t\t\t\t\t<div class=\"e-con-inner\">\n\t\t<div class=\"elementor-element elementor-element-352b454 e-flex e-con-boxed e-con\" data-id=\"352b454\" data-element_type=\"container\" data-settings=\"{&quot;content_width&quot;:&quot;boxed&quot;}\">\n\t\t\t\t\t<div class=\"e-con-inner\">\n\t\t<div class=\"elementor-element elementor-element-6bb4c48 e-con-full e-flex e-con\" data-id=\"6bb4c48\" data-element_type=\"container\" data-settings=\"{&quot;content_width&quot;:&quot;full&quot;}\">\n\t\t\t\t<div class=\"elementor-element elementor-element-852d8db elementor-widget elementor-widget-ld_gallery\" data-id=\"852d8db\" data-element_type=\"widget\" data-widget_type=\"ld_gallery.default\">\n\t\t\t\t<div class=\"elementor-widget-container\">\n\t\t\t\n\t\t<div class=\"lqd-img-gal\">\n\n\t\t\t<div class=\"lqd-img-gal-imgs\">\n\n\t\t\t\t<div class=\"carousel-container pos-rel carousel-nav-floated carousel-nav-center carousel-nav-middle carousel-nav-lg carousel-nav-solid carousel-nav-circle carousel-nav-appear-onhover carousel-dots-mobile-inside\">\n\t\t\t\t\t<div class=\"carousel-items pos-rel\" data-lqd-flickity='{ \"prevNextButtons\": true, \"navArrow\": \"6\", \"parallax\": true, \"adaptiveHeight\": true }' id=\"lqd-image-gallery-852d8dbmain-carousel\">\n\n\t\t\t\t\t\t<div class=\"flickity-viewport pos-rel w-100 overflow-hidden\">\n\t\t\t\t\t\t\t<div class=\"flickity-slider d-flex w-100 h-100 pos-rel\" style=\"left: 0; transform: translateX(0%);\">\n\n\t\t\t\t\t\t\t\t\t\t\t\t\t\t\t\t<div class=\"carousel-item d-flex flex-column justify-content-center w-100 flex-auto has-one-child\">\n\t\t\t\t\t\t\t\t\t<div class=\"carousel-item-inner pos-rel w-100\">\n\t\t\t\t\t\t\t\t\t\t<div class=\"carousel-item-content pos-rel w-100\">\n\t\t\t\t\t\t\t\t\t\t\t<figure class=\"w-100\">\n\t\t\t\t\t\t\t\t\t\t\t\t<img decoding=\"async\" width=\"1200\" height=\"800\" src=\"https:\/\/sezerhayat.com.tr\/candy\/wp-content\/uploads\/2025\/11\/7.jpg\" class=\"w-100\" alt=\"\" srcset=\"https:\/\/sezerhayat.com.tr\/candy\/wp-content\/uploads\/2025\/11\/7.jpg 1200w, https:\/\/sezerhayat.com.tr\/candy\/wp-content\/uploads\/2025\/11\/7-300x200.jpg 300w, https:\/\/sezerhayat.com.tr\/candy\/wp-content\/uploads\/2025\/11\/7-1024x683.jpg 1024w\" sizes=\"(max-width: 1200px) 100vw, 1200px\" itemprop=\"image\" \/>\t\t\t\t\t\t\t\t\t\t\t<\/figure>\n\t\t\t\t\t\t\t\t\t\t<\/div>\n\t\t\t\t\t\t\t\t\t<\/div>\n\t\t\t\t\t\t\t\t<\/div>\n\t\t\t\t\t\t\t\t\t\t\t\t\t\t\t\t<div class=\"carousel-item d-flex flex-column justify-content-center w-100 flex-auto has-one-child\">\n\t\t\t\t\t\t\t\t\t<div class=\"carousel-item-inner pos-rel w-100\">\n\t\t\t\t\t\t\t\t\t\t<div class=\"carousel-item-content pos-rel w-100\">\n\t\t\t\t\t\t\t\t\t\t\t<figure class=\"w-100\">\n\t\t\t\t\t\t\t\t\t\t\t\t<img decoding=\"async\" width=\"1200\" height=\"800\" src=\"data:image\/svg+xml;charset=utf-8,%3Csvg xmlns%3D&#039;http%3A%2F%2Fwww.w3.org%2F2000%2Fsvg&#039; viewBox%3D&#039;0 0 1200 800&#039;%2F%3E\" class=\"w-100 ld-lazyload\" alt=\"\" itemprop=\"image\" data-src=\"https:\/\/sezerhayat.com.tr\/candy\/wp-content\/uploads\/2025\/11\/8.jpg\" data-srcset=\"https:\/\/sezerhayat.com.tr\/candy\/wp-content\/uploads\/2025\/11\/8.jpg 1200w, https:\/\/sezerhayat.com.tr\/candy\/wp-content\/uploads\/2025\/11\/8-300x200.jpg 300w, https:\/\/sezerhayat.com.tr\/candy\/wp-content\/uploads\/2025\/11\/8-1024x683.jpg 1024w\" data-sizes=\"(max-width: 1200px) 100vw, 1200px\" data-aspect=\"1.5\" \/>\t\t\t\t\t\t\t\t\t\t\t<\/figure>\n\t\t\t\t\t\t\t\t\t\t<\/div>\n\t\t\t\t\t\t\t\t\t<\/div>\n\t\t\t\t\t\t\t\t<\/div>\n\t\t\t\t\t\t\t\t\t\t\t\t\t\t\t\t<div class=\"carousel-item d-flex flex-column justify-content-center w-100 flex-auto has-one-child\">\n\t\t\t\t\t\t\t\t\t<div class=\"carousel-item-inner pos-rel w-100\">\n\t\t\t\t\t\t\t\t\t\t<div class=\"carousel-item-content pos-rel w-100\">\n\t\t\t\t\t\t\t\t\t\t\t<figure class=\"w-100\">\n\t\t\t\t\t\t\t\t\t\t\t\t<img decoding=\"async\" width=\"1200\" height=\"800\" src=\"data:image\/svg+xml;charset=utf-8,%3Csvg xmlns%3D&#039;http%3A%2F%2Fwww.w3.org%2F2000%2Fsvg&#039; viewBox%3D&#039;0 0 1200 800&#039;%2F%3E\" class=\"w-100 ld-lazyload\" alt=\"\" itemprop=\"image\" data-src=\"https:\/\/sezerhayat.com.tr\/candy\/wp-content\/uploads\/2025\/11\/9.jpg\" data-srcset=\"https:\/\/sezerhayat.com.tr\/candy\/wp-content\/uploads\/2025\/11\/9.jpg 1200w, https:\/\/sezerhayat.com.tr\/candy\/wp-content\/uploads\/2025\/11\/9-300x200.jpg 300w, https:\/\/sezerhayat.com.tr\/candy\/wp-content\/uploads\/2025\/11\/9-1024x683.jpg 1024w\" data-sizes=\"(max-width: 1200px) 100vw, 1200px\" data-aspect=\"1.5\" \/>\t\t\t\t\t\t\t\t\t\t\t<\/figure>\n\t\t\t\t\t\t\t\t\t\t<\/div>\n\t\t\t\t\t\t\t\t\t<\/div>\n\t\t\t\t\t\t\t\t<\/div>\n\t\t\t\t\t\t\t\t\n\t\t\t\t\t\t\t<\/div>\n\t\t\t\t\t\t<\/div>\n\t\t\t\t\t<\/div>\n\t\t\t\t<\/div>\n\n\t\t\t<\/div>\n\n\t\t\t<div class=\"lqd-img-gal-thumbs\">\n\n\t\t\t\t<div class=\"carousel-container\">\n\t\t\t\t\t<div class=\"carousel-items pos-rel\" data-lqd-flickity='{ \"contain\": false, \"pageDots\": false, \"asNavFor\": \"#lqd-image-gallery-852d8dbmain-carousel\" }'>\n\n\t\t\t\t\t\t<div class=\"flickity-viewport pos-rel w-100 overflow-hidden\">\n\t\t\t\t\t\t\t<div class=\"flickity-slider d-flex w-100 h-100 pos-rel\" style=\"left: 0; transform: translateX(0%);\">\n\n\t\t\t\t\t\t\t\t\t\t\t\t\t\t\t\t<div class=\"carousel-item d-flex flex-column justify-content-center flex-auto has-one-child\">\n\t\t\t\t\t\t\t\t\t<div class=\"carousel-item-inner pos-rel w-100\">\n\t\t\t\t\t\t\t\t\t\t<div class=\"carousel-item-content pos-rel w-100\">\n\t\t\t\t\t\t\t\t\t\t\t<figure class=\"w-100 pos-rel\">\n\t\t\t\t\t\t\t\t\t\t\t\t<img decoding=\"async\" width=\"105\" height=\"70\" src=\"data:image\/svg+xml;charset=utf-8,%3Csvg xmlns%3D&#039;http%3A%2F%2Fwww.w3.org%2F2000%2Fsvg&#039; viewBox%3D&#039;0 0 1200 800&#039;%2F%3E\" class=\"w-100 h-100 objfit-cover objfit-center ld-lazyload\" alt=\"\" itemprop=\"image\" data-src=\"https:\/\/sezerhayat.com.tr\/candy\/wp-content\/uploads\/2025\/11\/7.jpg\" data-srcset=\"https:\/\/sezerhayat.com.tr\/candy\/wp-content\/uploads\/2025\/11\/7.jpg 1200w, https:\/\/sezerhayat.com.tr\/candy\/wp-content\/uploads\/2025\/11\/7-300x200.jpg 300w, https:\/\/sezerhayat.com.tr\/candy\/wp-content\/uploads\/2025\/11\/7-1024x683.jpg 1024w\" data-sizes=\"(max-width: 105px) 100vw, 105px\" data-aspect=\"1.5\" \/>\t\t\t\t\t\t\t\t\t\t\t<\/figure>\n\t\t\t\t\t\t\t\t\t\t<\/div>\n\t\t\t\t\t\t\t\t\t<\/div>\n\t\t\t\t\t\t\t\t<\/div>\n\t\t\t\t\t\t\t\t\t\t\t\t\t\t\t\t<div class=\"carousel-item d-flex flex-column justify-content-center flex-auto has-one-child\">\n\t\t\t\t\t\t\t\t\t<div class=\"carousel-item-inner pos-rel w-100\">\n\t\t\t\t\t\t\t\t\t\t<div class=\"carousel-item-content pos-rel w-100\">\n\t\t\t\t\t\t\t\t\t\t\t<figure class=\"w-100 pos-rel\">\n\t\t\t\t\t\t\t\t\t\t\t\t<img decoding=\"async\" width=\"105\" height=\"70\" src=\"data:image\/svg+xml;charset=utf-8,%3Csvg xmlns%3D&#039;http%3A%2F%2Fwww.w3.org%2F2000%2Fsvg&#039; viewBox%3D&#039;0 0 1200 800&#039;%2F%3E\" class=\"w-100 h-100 objfit-cover objfit-center ld-lazyload\" alt=\"\" itemprop=\"image\" data-src=\"https:\/\/sezerhayat.com.tr\/candy\/wp-content\/uploads\/2025\/11\/8.jpg\" data-srcset=\"https:\/\/sezerhayat.com.tr\/candy\/wp-content\/uploads\/2025\/11\/8.jpg 1200w, https:\/\/sezerhayat.com.tr\/candy\/wp-content\/uploads\/2025\/11\/8-300x200.jpg 300w, https:\/\/sezerhayat.com.tr\/candy\/wp-content\/uploads\/2025\/11\/8-1024x683.jpg 1024w\" data-sizes=\"(max-width: 105px) 100vw, 105px\" data-aspect=\"1.5\" \/>\t\t\t\t\t\t\t\t\t\t\t<\/figure>\n\t\t\t\t\t\t\t\t\t\t<\/div>\n\t\t\t\t\t\t\t\t\t<\/div>\n\t\t\t\t\t\t\t\t<\/div>\n\t\t\t\t\t\t\t\t\t\t\t\t\t\t\t\t<div class=\"carousel-item d-flex flex-column justify-content-center flex-auto has-one-child\">\n\t\t\t\t\t\t\t\t\t<div class=\"carousel-item-inner pos-rel w-100\">\n\t\t\t\t\t\t\t\t\t\t<div class=\"carousel-item-content pos-rel w-100\">\n\t\t\t\t\t\t\t\t\t\t\t<figure class=\"w-100 pos-rel\">\n\t\t\t\t\t\t\t\t\t\t\t\t<img decoding=\"async\" width=\"105\" height=\"70\" src=\"data:image\/svg+xml;charset=utf-8,%3Csvg xmlns%3D&#039;http%3A%2F%2Fwww.w3.org%2F2000%2Fsvg&#039; viewBox%3D&#039;0 0 1200 800&#039;%2F%3E\" class=\"w-100 h-100 objfit-cover objfit-center ld-lazyload\" alt=\"\" itemprop=\"image\" data-src=\"https:\/\/sezerhayat.com.tr\/candy\/wp-content\/uploads\/2025\/11\/9.jpg\" data-srcset=\"https:\/\/sezerhayat.com.tr\/candy\/wp-content\/uploads\/2025\/11\/9.jpg 1200w, https:\/\/sezerhayat.com.tr\/candy\/wp-content\/uploads\/2025\/11\/9-300x200.jpg 300w, https:\/\/sezerhayat.com.tr\/candy\/wp-content\/uploads\/2025\/11\/9-1024x683.jpg 1024w\" data-sizes=\"(max-width: 105px) 100vw, 105px\" data-aspect=\"1.5\" \/>\t\t\t\t\t\t\t\t\t\t\t<\/figure>\n\t\t\t\t\t\t\t\t\t\t<\/div>\n\t\t\t\t\t\t\t\t\t<\/div>\n\t\t\t\t\t\t\t\t<\/div>\n\t\t\t\t\t\t\t\t\n\t\t\t\t\t\t\t<\/div>\n\t\t\t\t\t\t<\/div>\n\t\t\t\t\t<\/div>\n\t\t\t\t<\/div>\n\n\t\t\t<\/div>\n\n\t\t<\/div>\n\n\t\t\t\t<\/div>\n\t\t\t\t<\/div>\n\t\t\t\t<\/div>\n\t\t<div class=\"elementor-element elementor-element-39fa7ba e-con-full e-flex e-con\" data-id=\"39fa7ba\" data-element_type=\"container\" data-settings=\"{&quot;content_width&quot;:&quot;full&quot;}\">\n\t\t\t\t<div class=\"elementor-element elementor-element-d57c1ed elementor-widget elementor-widget-text-editor\" data-id=\"d57c1ed\" data-element_type=\"widget\" data-widget_type=\"text-editor.default\">\n\t\t\t\t<div class=\"elementor-widget-container\">\n\t\t\t<style>\/*! elementor - v3.15.0 - 20-08-2023 *\/\n.elementor-widget-text-editor.elementor-drop-cap-view-stacked .elementor-drop-cap{background-color:#69727d;color:#fff}.elementor-widget-text-editor.elementor-drop-cap-view-framed .elementor-drop-cap{color:#69727d;border:3px solid;background-color:transparent}.elementor-widget-text-editor:not(.elementor-drop-cap-view-default) .elementor-drop-cap{margin-top:8px}.elementor-widget-text-editor:not(.elementor-drop-cap-view-default) .elementor-drop-cap-letter{width:1em;height:1em}.elementor-widget-text-editor .elementor-drop-cap{float:left;text-align:center;line-height:1;font-size:50px}.elementor-widget-text-editor .elementor-drop-cap-letter{display:inline-block}<\/style>\t\t\t\t<h3>\u2728 Ka\u015f Laminasyon<\/h3><h4>M\u00fckemmel \u015eekillendirilmi\u015f Ka\u015flar<\/h4><p>Ka\u015f Laminasyon hizmetimiz ile ka\u015flar\u0131n\u0131z\u0131 istedi\u011finiz \u015fekle kavu\u015fturuyoruz. Bu modern teknik, ka\u015flar\u0131n\u0131z\u0131n daha dolgun, \u015fekilli ve bak\u0131ml\u0131 g\u00f6r\u00fcnmesini sa\u011flar.<\/p><p>Uzman ekibimiz, ka\u015flar\u0131n\u0131z\u0131n do\u011fal yap\u0131s\u0131na uygun olarak \u00f6zel bir form\u00fclle laminasyon i\u015flemi uygular. Sonu\u00e7 olarak, ka\u015flar\u0131n\u0131z 6-8 hafta boyunca m\u00fckemmel \u015feklini korur ve her g\u00fcn makyaj yapmadan do\u011fal bir g\u00fczellik sunar.<\/p>\t\t\t\t\t\t<\/div>\n\t\t\t\t<\/div>\n\t\t\t\t<\/div>\n\t\t\t\t\t<\/div>\n\t\t\t\t<\/div>\n\t\t\t\t\t<\/div>\n\t\t\t\t<\/div>\n\t\t<div class=\"elementor-element elementor-element-b0d5974 e-flex e-con-boxed e-con\" data-id=\"b0d5974\" data-element_type=\"container\" data-settings=\"{&quot;content_width&quot;:&quot;boxed&quot;}\">\n\t\t\t\t\t<div class=\"e-con-inner\">\n\t\t\t\t<div class=\"elementor-element elementor-element-9f2437a elementor-cta--skin-classic elementor-animated-content elementor-bg-transform elementor-bg-transform-zoom-in elementor-widget elementor-widget-call-to-action\" data-id=\"9f2437a\" data-element_type=\"widget\" data-widget_type=\"call-to-action.default\">\n\t\t\t\t<div class=\"elementor-widget-container\">\n\t\t\t<link rel=\"stylesheet\" href=\"https:\/\/sezerhayat.com.tr\/candy\/wp-content\/uploads\/elementor\/css\/custom-pro-widget-call-to-action.min.css?ver=1764585398\">\t\t<div class=\"elementor-cta\">\n\t\t\t\t\t<div class=\"elementor-cta__bg-wrapper\">\n\t\t\t\t<div class=\"elementor-cta__bg elementor-bg\" style=\"background-image: url(https:\/\/sezerhayat.com.tr\/candy\/wp-content\/uploads\/2025\/11\/WhatsApp-Image-2025-11-23-at-15.12.32-1024x768.jpeg);\"><\/div>\n\t\t\t\t<div class=\"elementor-cta__bg-overlay\"><\/div>\n\t\t\t<\/div>\n\t\t\t\t\t\t\t<div class=\"elementor-cta__content\">\n\t\t\t\t\n\t\t\t\t<h2 class=\"elementor-cta__title elementor-cta__content-item elementor-content-item\">Kendinize Bug\u00fcn Bir \u0130yilik Yap\u0131n<\/h2>\n\t\t\t\t\t\t\t\t\t<div class=\"elementor-cta__description elementor-cta__content-item elementor-content-item\">\n\t\t\t\t\t\tRandevu Al\u0131n\t\t\t\t\t<\/div>\n\t\t\t\t\n\t\t\t\t\t\t\t\t\t<div class=\"elementor-cta__button-wrapper elementor-cta__content-item elementor-content-item \">\n\t\t\t\t\t<a class=\"elementor-cta__button elementor-button elementor-size-sm\" href=\"https:\/\/sezerhayat.com.tr\/candy\/iletisim\/\">\n\t\t\t\t\t\t\u0130leti\u015fim\t\t\t\t\t<\/a>\n\t\t\t\t\t<\/div>\n\t\t\t\t\t\t\t<\/div>\n\t\t\t\t\t\t<\/div>\n\t\t\t\t<\/div>\n\t\t\t\t<\/div>\n\t\t\t\t\t<\/div>\n\t\t\t\t<\/div>\n\t\t\t\t\t\t\t<\/div>\n\t\t","protected":false},"excerpt":{"rendered":"<p>\u2728 Ka\u015f Laminasyon M\u00fckemmel \u015eekillendirilmi\u015f Ka\u015flar Ka\u015f Laminasyon hizmetimiz ile ka\u015flar\u0131n\u0131z\u0131 istedi\u011finiz \u015fekle kavu\u015fturuyoruz. Bu modern teknik, ka\u015flar\u0131n\u0131z\u0131n daha dolgun, \u015fekilli ve bak\u0131ml\u0131 g\u00f6r\u00fcnmesini sa\u011flar. Uzman ekibimiz, ka\u015flar\u0131n\u0131z\u0131n do\u011fal yap\u0131s\u0131na uygun olarak \u00f6zel bir form\u00fclle laminasyon i\u015flemi uygular. Sonu\u00e7 olarak, ka\u015flar\u0131n\u0131z 6-8 hafta boyunca m\u00fckemmel \u015feklini korur ve her g\u00fcn makyaj yapmadan do\u011fal bir g\u00fczellik [&hellip;]<\/p>\n","protected":false},"author":1,"featured_media":0,"parent":0,"menu_order":0,"comment_status":"closed","ping_status":"closed","template":"","meta":{"footnotes":""},"class_list":["post-2509","page","type-page","status-publish","hentry"],"_links":{"self":[{"href":"https:\/\/sezerhayat.com.tr\/candy\/wp-json\/wp\/v2\/pages\/2509","targetHints":{"allow":["GET"]}}],"collection":[{"href":"https:\/\/sezerhayat.com.tr\/candy\/wp-json\/wp\/v2\/pages"}],"about":[{"href":"https:\/\/sezerhayat.com.tr\/candy\/wp-json\/wp\/v2\/types\/page"}],"author":[{"embeddable":true,"href":"https:\/\/sezerhayat.com.tr\/candy\/wp-json\/wp\/v2\/users\/1"}],"replies":[{"embeddable":true,"href":"https:\/\/sezerhayat.com.tr\/candy\/wp-json\/wp\/v2\/comments?post=2509"}],"version-history":[{"count":29,"href":"https:\/\/sezerhayat.com.tr\/candy\/wp-json\/wp\/v2\/pages\/2509\/revisions"}],"predecessor-version":[{"id":2881,"href":"https:\/\/sezerhayat.com.tr\/candy\/wp-json\/wp\/v2\/pages\/2509\/revisions\/2881"}],"wp:attachment":[{"href":"https:\/\/sezerhayat.com.tr\/candy\/wp-json\/wp\/v2\/media?parent=2509"}],"curies":[{"name":"wp","href":"https:\/\/api.w.org\/{rel}","templated":true}]}}