{"id":2505,"date":"2025-10-29T20:16:42","date_gmt":"2025-10-29T20:16:42","guid":{"rendered":"https:\/\/sezerhayat.com.tr\/candy\/?page_id=2505"},"modified":"2025-12-01T09:46:19","modified_gmt":"2025-12-01T09:46:19","slug":"kalici-oje","status":"publish","type":"page","link":"https:\/\/sezerhayat.com.tr\/candy\/kalici-oje\/","title":{"rendered":"Kal\u0131c\u0131 Oje"},"content":{"rendered":"\t\t<div data-elementor-type=\"wp-page\" data-elementor-id=\"2505\" class=\"elementor elementor-2505\">\n\t\t\t\t\t\t\t<div class=\"elementor-element elementor-element-4ea58ab e-flex e-con-boxed e-con\" data-id=\"4ea58ab\" data-element_type=\"container\" data-settings=\"{&quot;background_background&quot;:&quot;classic&quot;,&quot;content_width&quot;:&quot;boxed&quot;}\">\n\t\t\t\t\t<div class=\"e-con-inner\">\n\t\t\t\t<div class=\"elementor-element elementor-element-1fa8f0b elementor-view-default elementor-widget elementor-widget-icon\" data-id=\"1fa8f0b\" data-element_type=\"widget\" data-widget_type=\"icon.default\">\n\t\t\t\t<div class=\"elementor-widget-container\">\n\t\t\t\t\t<div class=\"elementor-icon-wrapper\">\n\t\t\t<div class=\"elementor-icon\">\n\t\t\t<i aria-hidden=\"true\" class=\"fas fa-arrow-alt-circle-down\"><\/i>\t\t\t<\/div>\n\t\t<\/div>\n\t\t\t\t<\/div>\n\t\t\t\t<\/div>\n\t\t\t\t\t<\/div>\n\t\t\t\t<\/div>\n\t\t<div class=\"elementor-element elementor-element-773ed1e e-flex e-con-boxed e-con\" data-id=\"773ed1e\" data-element_type=\"container\" data-settings=\"{&quot;content_width&quot;:&quot;boxed&quot;}\">\n\t\t\t\t\t<div class=\"e-con-inner\">\n\t\t<div class=\"elementor-element elementor-element-afbf9fb e-con-full e-flex e-con\" data-id=\"afbf9fb\" data-element_type=\"container\" data-settings=\"{&quot;content_width&quot;:&quot;full&quot;}\">\n\t\t\t\t<div class=\"elementor-element elementor-element-377b15d elementor-widget elementor-widget-ld_gallery\" data-id=\"377b15d\" data-element_type=\"widget\" data-widget_type=\"ld_gallery.default\">\n\t\t\t\t<div class=\"elementor-widget-container\">\n\t\t\t\n\t\t<div class=\"lqd-img-gal\">\n\n\t\t\t<div class=\"lqd-img-gal-imgs\">\n\n\t\t\t\t<div class=\"carousel-container pos-rel carousel-nav-floated carousel-nav-center carousel-nav-middle carousel-nav-lg carousel-nav-solid carousel-nav-circle carousel-nav-appear-onhover carousel-dots-mobile-inside\">\n\t\t\t\t\t<div class=\"carousel-items pos-rel\" data-lqd-flickity='{ \"prevNextButtons\": true, \"navArrow\": \"6\", \"parallax\": true, \"adaptiveHeight\": true }' id=\"lqd-image-gallery-377b15dmain-carousel\">\n\n\t\t\t\t\t\t<div class=\"flickity-viewport pos-rel w-100 overflow-hidden\">\n\t\t\t\t\t\t\t<div class=\"flickity-slider d-flex w-100 h-100 pos-rel\" style=\"left: 0; transform: translateX(0%);\">\n\n\t\t\t\t\t\t\t\t\t\t\t\t\t\t\t\t<div class=\"carousel-item d-flex flex-column justify-content-center w-100 flex-auto has-one-child\">\n\t\t\t\t\t\t\t\t\t<div class=\"carousel-item-inner pos-rel w-100\">\n\t\t\t\t\t\t\t\t\t\t<div class=\"carousel-item-content pos-rel w-100\">\n\t\t\t\t\t\t\t\t\t\t\t<figure class=\"w-100\">\n\t\t\t\t\t\t\t\t\t\t\t\t<img decoding=\"async\" width=\"1200\" height=\"800\" src=\"https:\/\/sezerhayat.com.tr\/candy\/wp-content\/uploads\/2025\/12\/2.jpg\" class=\"w-100\" alt=\"\" srcset=\"https:\/\/sezerhayat.com.tr\/candy\/wp-content\/uploads\/2025\/12\/2.jpg 1200w, https:\/\/sezerhayat.com.tr\/candy\/wp-content\/uploads\/2025\/12\/2-300x200.jpg 300w, https:\/\/sezerhayat.com.tr\/candy\/wp-content\/uploads\/2025\/12\/2-1024x683.jpg 1024w\" sizes=\"(max-width: 1200px) 100vw, 1200px\" itemprop=\"image\" \/>\t\t\t\t\t\t\t\t\t\t\t<\/figure>\n\t\t\t\t\t\t\t\t\t\t<\/div>\n\t\t\t\t\t\t\t\t\t<\/div>\n\t\t\t\t\t\t\t\t<\/div>\n\t\t\t\t\t\t\t\t\t\t\t\t\t\t\t\t<div class=\"carousel-item d-flex flex-column justify-content-center w-100 flex-auto has-one-child\">\n\t\t\t\t\t\t\t\t\t<div class=\"carousel-item-inner pos-rel w-100\">\n\t\t\t\t\t\t\t\t\t\t<div class=\"carousel-item-content pos-rel w-100\">\n\t\t\t\t\t\t\t\t\t\t\t<figure class=\"w-100\">\n\t\t\t\t\t\t\t\t\t\t\t\t<img decoding=\"async\" width=\"1200\" height=\"800\" src=\"data:image\/svg+xml;charset=utf-8,%3Csvg xmlns%3D&#039;http%3A%2F%2Fwww.w3.org%2F2000%2Fsvg&#039; viewBox%3D&#039;0 0 1200 800&#039;%2F%3E\" class=\"w-100 ld-lazyload\" alt=\"\" itemprop=\"image\" data-src=\"https:\/\/sezerhayat.com.tr\/candy\/wp-content\/uploads\/2025\/11\/12.jpg\" data-srcset=\"https:\/\/sezerhayat.com.tr\/candy\/wp-content\/uploads\/2025\/11\/12.jpg 1200w, https:\/\/sezerhayat.com.tr\/candy\/wp-content\/uploads\/2025\/11\/12-300x200.jpg 300w, https:\/\/sezerhayat.com.tr\/candy\/wp-content\/uploads\/2025\/11\/12-1024x683.jpg 1024w\" data-sizes=\"(max-width: 1200px) 100vw, 1200px\" data-aspect=\"1.5\" \/>\t\t\t\t\t\t\t\t\t\t\t<\/figure>\n\t\t\t\t\t\t\t\t\t\t<\/div>\n\t\t\t\t\t\t\t\t\t<\/div>\n\t\t\t\t\t\t\t\t<\/div>\n\t\t\t\t\t\t\t\t\t\t\t\t\t\t\t\t<div class=\"carousel-item d-flex flex-column justify-content-center w-100 flex-auto has-one-child\">\n\t\t\t\t\t\t\t\t\t<div class=\"carousel-item-inner pos-rel w-100\">\n\t\t\t\t\t\t\t\t\t\t<div class=\"carousel-item-content pos-rel w-100\">\n\t\t\t\t\t\t\t\t\t\t\t<figure class=\"w-100\">\n\t\t\t\t\t\t\t\t\t\t\t\t<img decoding=\"async\" width=\"1200\" height=\"800\" src=\"data:image\/svg+xml;charset=utf-8,%3Csvg xmlns%3D&#039;http%3A%2F%2Fwww.w3.org%2F2000%2Fsvg&#039; viewBox%3D&#039;0 0 1200 800&#039;%2F%3E\" class=\"w-100 ld-lazyload\" alt=\"\" itemprop=\"image\" data-src=\"https:\/\/sezerhayat.com.tr\/candy\/wp-content\/uploads\/2025\/11\/11.jpg\" data-srcset=\"https:\/\/sezerhayat.com.tr\/candy\/wp-content\/uploads\/2025\/11\/11.jpg 1200w, https:\/\/sezerhayat.com.tr\/candy\/wp-content\/uploads\/2025\/11\/11-300x200.jpg 300w, https:\/\/sezerhayat.com.tr\/candy\/wp-content\/uploads\/2025\/11\/11-1024x683.jpg 1024w\" data-sizes=\"(max-width: 1200px) 100vw, 1200px\" data-aspect=\"1.5\" \/>\t\t\t\t\t\t\t\t\t\t\t<\/figure>\n\t\t\t\t\t\t\t\t\t\t<\/div>\n\t\t\t\t\t\t\t\t\t<\/div>\n\t\t\t\t\t\t\t\t<\/div>\n\t\t\t\t\t\t\t\t\t\t\t\t\t\t\t\t<div class=\"carousel-item d-flex flex-column justify-content-center w-100 flex-auto has-one-child\">\n\t\t\t\t\t\t\t\t\t<div class=\"carousel-item-inner pos-rel w-100\">\n\t\t\t\t\t\t\t\t\t\t<div class=\"carousel-item-content pos-rel w-100\">\n\t\t\t\t\t\t\t\t\t\t\t<figure class=\"w-100\">\n\t\t\t\t\t\t\t\t\t\t\t\t<img decoding=\"async\" width=\"1200\" height=\"800\" src=\"data:image\/svg+xml;charset=utf-8,%3Csvg xmlns%3D&#039;http%3A%2F%2Fwww.w3.org%2F2000%2Fsvg&#039; viewBox%3D&#039;0 0 1200 800&#039;%2F%3E\" class=\"w-100 ld-lazyload\" alt=\"\" itemprop=\"image\" data-src=\"https:\/\/sezerhayat.com.tr\/candy\/wp-content\/uploads\/2025\/11\/6.jpg\" data-srcset=\"https:\/\/sezerhayat.com.tr\/candy\/wp-content\/uploads\/2025\/11\/6.jpg 1200w, https:\/\/sezerhayat.com.tr\/candy\/wp-content\/uploads\/2025\/11\/6-300x200.jpg 300w, https:\/\/sezerhayat.com.tr\/candy\/wp-content\/uploads\/2025\/11\/6-1024x683.jpg 1024w\" data-sizes=\"(max-width: 1200px) 100vw, 1200px\" data-aspect=\"1.5\" \/>\t\t\t\t\t\t\t\t\t\t\t<\/figure>\n\t\t\t\t\t\t\t\t\t\t<\/div>\n\t\t\t\t\t\t\t\t\t<\/div>\n\t\t\t\t\t\t\t\t<\/div>\n\t\t\t\t\t\t\t\t\n\t\t\t\t\t\t\t<\/div>\n\t\t\t\t\t\t<\/div>\n\t\t\t\t\t<\/div>\n\t\t\t\t<\/div>\n\n\t\t\t<\/div>\n\n\t\t\t<div class=\"lqd-img-gal-thumbs\">\n\n\t\t\t\t<div class=\"carousel-container\">\n\t\t\t\t\t<div class=\"carousel-items pos-rel\" data-lqd-flickity='{ \"contain\": false, \"pageDots\": false, \"asNavFor\": \"#lqd-image-gallery-377b15dmain-carousel\" }'>\n\n\t\t\t\t\t\t<div class=\"flickity-viewport pos-rel w-100 overflow-hidden\">\n\t\t\t\t\t\t\t<div class=\"flickity-slider d-flex w-100 h-100 pos-rel\" style=\"left: 0; transform: translateX(0%);\">\n\n\t\t\t\t\t\t\t\t\t\t\t\t\t\t\t\t<div class=\"carousel-item d-flex flex-column justify-content-center flex-auto has-one-child\">\n\t\t\t\t\t\t\t\t\t<div class=\"carousel-item-inner pos-rel w-100\">\n\t\t\t\t\t\t\t\t\t\t<div class=\"carousel-item-content pos-rel w-100\">\n\t\t\t\t\t\t\t\t\t\t\t<figure class=\"w-100 pos-rel\">\n\t\t\t\t\t\t\t\t\t\t\t\t<img decoding=\"async\" width=\"105\" height=\"70\" src=\"data:image\/svg+xml;charset=utf-8,%3Csvg xmlns%3D&#039;http%3A%2F%2Fwww.w3.org%2F2000%2Fsvg&#039; viewBox%3D&#039;0 0 1200 800&#039;%2F%3E\" class=\"w-100 h-100 objfit-cover objfit-center ld-lazyload\" alt=\"\" itemprop=\"image\" data-src=\"https:\/\/sezerhayat.com.tr\/candy\/wp-content\/uploads\/2025\/12\/2.jpg\" data-srcset=\"https:\/\/sezerhayat.com.tr\/candy\/wp-content\/uploads\/2025\/12\/2.jpg 1200w, https:\/\/sezerhayat.com.tr\/candy\/wp-content\/uploads\/2025\/12\/2-300x200.jpg 300w, https:\/\/sezerhayat.com.tr\/candy\/wp-content\/uploads\/2025\/12\/2-1024x683.jpg 1024w\" data-sizes=\"(max-width: 105px) 100vw, 105px\" data-aspect=\"1.5\" \/>\t\t\t\t\t\t\t\t\t\t\t<\/figure>\n\t\t\t\t\t\t\t\t\t\t<\/div>\n\t\t\t\t\t\t\t\t\t<\/div>\n\t\t\t\t\t\t\t\t<\/div>\n\t\t\t\t\t\t\t\t\t\t\t\t\t\t\t\t<div class=\"carousel-item d-flex flex-column justify-content-center flex-auto has-one-child\">\n\t\t\t\t\t\t\t\t\t<div class=\"carousel-item-inner pos-rel w-100\">\n\t\t\t\t\t\t\t\t\t\t<div class=\"carousel-item-content pos-rel w-100\">\n\t\t\t\t\t\t\t\t\t\t\t<figure class=\"w-100 pos-rel\">\n\t\t\t\t\t\t\t\t\t\t\t\t<img decoding=\"async\" width=\"105\" height=\"70\" src=\"data:image\/svg+xml;charset=utf-8,%3Csvg xmlns%3D&#039;http%3A%2F%2Fwww.w3.org%2F2000%2Fsvg&#039; viewBox%3D&#039;0 0 1200 800&#039;%2F%3E\" class=\"w-100 h-100 objfit-cover objfit-center ld-lazyload\" alt=\"\" itemprop=\"image\" data-src=\"https:\/\/sezerhayat.com.tr\/candy\/wp-content\/uploads\/2025\/11\/12.jpg\" data-srcset=\"https:\/\/sezerhayat.com.tr\/candy\/wp-content\/uploads\/2025\/11\/12.jpg 1200w, https:\/\/sezerhayat.com.tr\/candy\/wp-content\/uploads\/2025\/11\/12-300x200.jpg 300w, https:\/\/sezerhayat.com.tr\/candy\/wp-content\/uploads\/2025\/11\/12-1024x683.jpg 1024w\" data-sizes=\"(max-width: 105px) 100vw, 105px\" data-aspect=\"1.5\" \/>\t\t\t\t\t\t\t\t\t\t\t<\/figure>\n\t\t\t\t\t\t\t\t\t\t<\/div>\n\t\t\t\t\t\t\t\t\t<\/div>\n\t\t\t\t\t\t\t\t<\/div>\n\t\t\t\t\t\t\t\t\t\t\t\t\t\t\t\t<div class=\"carousel-item d-flex flex-column justify-content-center flex-auto has-one-child\">\n\t\t\t\t\t\t\t\t\t<div class=\"carousel-item-inner pos-rel w-100\">\n\t\t\t\t\t\t\t\t\t\t<div class=\"carousel-item-content pos-rel w-100\">\n\t\t\t\t\t\t\t\t\t\t\t<figure class=\"w-100 pos-rel\">\n\t\t\t\t\t\t\t\t\t\t\t\t<img decoding=\"async\" width=\"105\" height=\"70\" src=\"data:image\/svg+xml;charset=utf-8,%3Csvg xmlns%3D&#039;http%3A%2F%2Fwww.w3.org%2F2000%2Fsvg&#039; viewBox%3D&#039;0 0 1200 800&#039;%2F%3E\" class=\"w-100 h-100 objfit-cover objfit-center ld-lazyload\" alt=\"\" itemprop=\"image\" data-src=\"https:\/\/sezerhayat.com.tr\/candy\/wp-content\/uploads\/2025\/11\/11.jpg\" data-srcset=\"https:\/\/sezerhayat.com.tr\/candy\/wp-content\/uploads\/2025\/11\/11.jpg 1200w, https:\/\/sezerhayat.com.tr\/candy\/wp-content\/uploads\/2025\/11\/11-300x200.jpg 300w, https:\/\/sezerhayat.com.tr\/candy\/wp-content\/uploads\/2025\/11\/11-1024x683.jpg 1024w\" data-sizes=\"(max-width: 105px) 100vw, 105px\" data-aspect=\"1.5\" \/>\t\t\t\t\t\t\t\t\t\t\t<\/figure>\n\t\t\t\t\t\t\t\t\t\t<\/div>\n\t\t\t\t\t\t\t\t\t<\/div>\n\t\t\t\t\t\t\t\t<\/div>\n\t\t\t\t\t\t\t\t\t\t\t\t\t\t\t\t<div class=\"carousel-item d-flex flex-column justify-content-center flex-auto has-one-child\">\n\t\t\t\t\t\t\t\t\t<div class=\"carousel-item-inner pos-rel w-100\">\n\t\t\t\t\t\t\t\t\t\t<div class=\"carousel-item-content pos-rel w-100\">\n\t\t\t\t\t\t\t\t\t\t\t<figure class=\"w-100 pos-rel\">\n\t\t\t\t\t\t\t\t\t\t\t\t<img decoding=\"async\" width=\"105\" height=\"70\" src=\"data:image\/svg+xml;charset=utf-8,%3Csvg xmlns%3D&#039;http%3A%2F%2Fwww.w3.org%2F2000%2Fsvg&#039; viewBox%3D&#039;0 0 1200 800&#039;%2F%3E\" class=\"w-100 h-100 objfit-cover objfit-center ld-lazyload\" alt=\"\" itemprop=\"image\" data-src=\"https:\/\/sezerhayat.com.tr\/candy\/wp-content\/uploads\/2025\/11\/6.jpg\" data-srcset=\"https:\/\/sezerhayat.com.tr\/candy\/wp-content\/uploads\/2025\/11\/6.jpg 1200w, https:\/\/sezerhayat.com.tr\/candy\/wp-content\/uploads\/2025\/11\/6-300x200.jpg 300w, https:\/\/sezerhayat.com.tr\/candy\/wp-content\/uploads\/2025\/11\/6-1024x683.jpg 1024w\" data-sizes=\"(max-width: 105px) 100vw, 105px\" data-aspect=\"1.5\" \/>\t\t\t\t\t\t\t\t\t\t\t<\/figure>\n\t\t\t\t\t\t\t\t\t\t<\/div>\n\t\t\t\t\t\t\t\t\t<\/div>\n\t\t\t\t\t\t\t\t<\/div>\n\t\t\t\t\t\t\t\t\n\t\t\t\t\t\t\t<\/div>\n\t\t\t\t\t\t<\/div>\n\t\t\t\t\t<\/div>\n\t\t\t\t<\/div>\n\n\t\t\t<\/div>\n\n\t\t<\/div>\n\n\t\t\t\t<\/div>\n\t\t\t\t<\/div>\n\t\t\t\t<\/div>\n\t\t<div class=\"elementor-element elementor-element-06635d3 e-con-full e-flex e-con\" data-id=\"06635d3\" data-element_type=\"container\" data-settings=\"{&quot;content_width&quot;:&quot;full&quot;}\">\n\t\t\t\t<div class=\"elementor-element elementor-element-5c36ccd elementor-widget elementor-widget-text-editor\" data-id=\"5c36ccd\" data-element_type=\"widget\" data-widget_type=\"text-editor.default\">\n\t\t\t\t<div class=\"elementor-widget-container\">\n\t\t\t<style>\/*! elementor - v3.15.0 - 20-08-2023 *\/\n.elementor-widget-text-editor.elementor-drop-cap-view-stacked .elementor-drop-cap{background-color:#69727d;color:#fff}.elementor-widget-text-editor.elementor-drop-cap-view-framed .elementor-drop-cap{color:#69727d;border:3px solid;background-color:transparent}.elementor-widget-text-editor:not(.elementor-drop-cap-view-default) .elementor-drop-cap{margin-top:8px}.elementor-widget-text-editor:not(.elementor-drop-cap-view-default) .elementor-drop-cap-letter{width:1em;height:1em}.elementor-widget-text-editor .elementor-drop-cap{float:left;text-align:center;line-height:1;font-size:50px}.elementor-widget-text-editor .elementor-drop-cap-letter{display:inline-block}<\/style>\t\t\t\t<h3>\u2728 Kal\u0131c\u0131 Oje ve Nail Art<\/h3><h4>Renklerin Uzun \u00d6m\u00fcrl\u00fc Dans\u0131 ve Yarat\u0131c\u0131 T\u0131rnak Sanat\u0131<\/h4><p><strong>Kal\u0131c\u0131 Oje<\/strong>\u00a0uygulamas\u0131 ile t\u0131rnaklar\u0131n\u0131zda haftalar s\u00fcren, \u00e7izilmeye ve solmaya kar\u015f\u0131 dayan\u0131kl\u0131, y\u00fcksek parlakl\u0131kta bir g\u00f6r\u00fcn\u00fcm sa\u011fl\u0131yoruz. H\u0131zl\u0131 kuruyan ve soyulma yapmayan bu hizmetimiz, bak\u0131ml\u0131 g\u00f6r\u00fcn\u00fcm\u00fcn\u00fcz\u00fc g\u00fcnl\u00fck ya\u015fam temponuza adapte eder.<\/p><p><strong>Nail Art<\/strong>\u00a0ile ise bu kal\u0131c\u0131 zemin \u00fczerine hayal g\u00fcc\u00fcn\u00fcz\u00fc ta\u015f\u0131yoruz. Uzman eller taraf\u0131ndan uygulanan bu sanat, t\u0131rnaklar\u0131n\u0131z\u0131 ki\u015fisel tarz\u0131n\u0131z\u0131 ve g\u00fcncel trendleri yans\u0131tan, \u00f6zg\u00fcn ve minyat\u00fcr sanat eserlerine d\u00f6n\u00fc\u015ft\u00fcr\u00fcr. T\u0131rnaklar\u0131n\u0131z art\u0131k sadece bak\u0131ml\u0131 de\u011fil, ayn\u0131 zamanda size \u00f6zel birer imza ta\u015f\u0131y\u0131c\u0131s\u0131d\u0131r.<\/p>\t\t\t\t\t\t<\/div>\n\t\t\t\t<\/div>\n\t\t\t\t<\/div>\n\t\t\t\t\t<\/div>\n\t\t\t\t<\/div>\n\t\t<div class=\"elementor-element elementor-element-770455d e-flex e-con-boxed e-con\" data-id=\"770455d\" data-element_type=\"container\" data-settings=\"{&quot;content_width&quot;:&quot;boxed&quot;}\">\n\t\t\t\t\t<div class=\"e-con-inner\">\n\t\t\t\t<div class=\"elementor-element elementor-element-54f8e97 elementor-cta--skin-classic elementor-animated-content elementor-bg-transform elementor-bg-transform-zoom-in elementor-widget elementor-widget-call-to-action\" data-id=\"54f8e97\" data-element_type=\"widget\" data-widget_type=\"call-to-action.default\">\n\t\t\t\t<div class=\"elementor-widget-container\">\n\t\t\t<link rel=\"stylesheet\" href=\"https:\/\/sezerhayat.com.tr\/candy\/wp-content\/uploads\/elementor\/css\/custom-pro-widget-call-to-action.min.css?ver=1764585398\">\t\t<div class=\"elementor-cta\">\n\t\t\t\t\t<div class=\"elementor-cta__bg-wrapper\">\n\t\t\t\t<div class=\"elementor-cta__bg elementor-bg\" style=\"background-image: url(https:\/\/sezerhayat.com.tr\/candy\/wp-content\/uploads\/2025\/11\/WhatsApp-Image-2025-11-23-at-15.12.32-1024x768.jpeg);\"><\/div>\n\t\t\t\t<div class=\"elementor-cta__bg-overlay\"><\/div>\n\t\t\t<\/div>\n\t\t\t\t\t\t\t<div class=\"elementor-cta__content\">\n\t\t\t\t\n\t\t\t\t<h2 class=\"elementor-cta__title elementor-cta__content-item elementor-content-item\">Kendinize Bug\u00fcn Bir \u0130yilik Yap\u0131n<\/h2>\n\t\t\t\t\t\t\t\t\t<div class=\"elementor-cta__description elementor-cta__content-item elementor-content-item\">\n\t\t\t\t\t\tRandevu Al\u0131n\t\t\t\t\t<\/div>\n\t\t\t\t\n\t\t\t\t\t\t\t\t\t<div class=\"elementor-cta__button-wrapper elementor-cta__content-item elementor-content-item \">\n\t\t\t\t\t<a class=\"elementor-cta__button elementor-button elementor-size-sm\" href=\"https:\/\/sezerhayat.com.tr\/candy\/iletisim\/\">\n\t\t\t\t\t\t\u0130leti\u015fim\t\t\t\t\t<\/a>\n\t\t\t\t\t<\/div>\n\t\t\t\t\t\t\t<\/div>\n\t\t\t\t\t\t<\/div>\n\t\t\t\t<\/div>\n\t\t\t\t<\/div>\n\t\t\t\t\t<\/div>\n\t\t\t\t<\/div>\n\t\t\t\t\t\t\t<\/div>\n\t\t","protected":false},"excerpt":{"rendered":"<p>\u2728 Kal\u0131c\u0131 Oje ve Nail Art Renklerin Uzun \u00d6m\u00fcrl\u00fc Dans\u0131 ve Yarat\u0131c\u0131 T\u0131rnak Sanat\u0131 Kal\u0131c\u0131 Oje\u00a0uygulamas\u0131 ile t\u0131rnaklar\u0131n\u0131zda haftalar s\u00fcren, \u00e7izilmeye ve solmaya kar\u015f\u0131 dayan\u0131kl\u0131, y\u00fcksek parlakl\u0131kta bir g\u00f6r\u00fcn\u00fcm sa\u011fl\u0131yoruz. H\u0131zl\u0131 kuruyan ve soyulma yapmayan bu hizmetimiz, bak\u0131ml\u0131 g\u00f6r\u00fcn\u00fcm\u00fcn\u00fcz\u00fc g\u00fcnl\u00fck ya\u015fam temponuza adapte eder. Nail Art\u00a0ile ise bu kal\u0131c\u0131 zemin \u00fczerine hayal g\u00fcc\u00fcn\u00fcz\u00fc ta\u015f\u0131yoruz. Uzman [&hellip;]<\/p>\n","protected":false},"author":1,"featured_media":0,"parent":0,"menu_order":0,"comment_status":"closed","ping_status":"closed","template":"","meta":{"footnotes":""},"class_list":["post-2505","page","type-page","status-publish","hentry"],"_links":{"self":[{"href":"https:\/\/sezerhayat.com.tr\/candy\/wp-json\/wp\/v2\/pages\/2505","targetHints":{"allow":["GET"]}}],"collection":[{"href":"https:\/\/sezerhayat.com.tr\/candy\/wp-json\/wp\/v2\/pages"}],"about":[{"href":"https:\/\/sezerhayat.com.tr\/candy\/wp-json\/wp\/v2\/types\/page"}],"author":[{"embeddable":true,"href":"https:\/\/sezerhayat.com.tr\/candy\/wp-json\/wp\/v2\/users\/1"}],"replies":[{"embeddable":true,"href":"https:\/\/sezerhayat.com.tr\/candy\/wp-json\/wp\/v2\/comments?post=2505"}],"version-history":[{"count":22,"href":"https:\/\/sezerhayat.com.tr\/candy\/wp-json\/wp\/v2\/pages\/2505\/revisions"}],"predecessor-version":[{"id":2938,"href":"https:\/\/sezerhayat.com.tr\/candy\/wp-json\/wp\/v2\/pages\/2505\/revisions\/2938"}],"wp:attachment":[{"href":"https:\/\/sezerhayat.com.tr\/candy\/wp-json\/wp\/v2\/media?parent=2505"}],"curies":[{"name":"wp","href":"https:\/\/api.w.org\/{rel}","templated":true}]}}