{"id":2503,"date":"2025-10-29T20:16:20","date_gmt":"2025-10-29T20:16:20","guid":{"rendered":"https:\/\/sezerhayat.com.tr\/candy\/?page_id=2503"},"modified":"2025-11-26T15:38:03","modified_gmt":"2025-11-26T15:38:03","slug":"protez-tirnak","status":"publish","type":"page","link":"https:\/\/sezerhayat.com.tr\/candy\/protez-tirnak\/","title":{"rendered":"Protez T\u0131rnak"},"content":{"rendered":"\t\t<div data-elementor-type=\"wp-page\" data-elementor-id=\"2503\" class=\"elementor elementor-2503\">\n\t\t\t\t\t\t\t<div class=\"elementor-element elementor-element-eff2f91 e-flex e-con-boxed e-con\" data-id=\"eff2f91\" data-element_type=\"container\" data-settings=\"{&quot;background_background&quot;:&quot;classic&quot;,&quot;content_width&quot;:&quot;boxed&quot;}\">\n\t\t\t\t\t<div class=\"e-con-inner\">\n\t\t\t\t<div class=\"elementor-element elementor-element-25848de elementor-view-default elementor-widget elementor-widget-icon\" data-id=\"25848de\" data-element_type=\"widget\" data-widget_type=\"icon.default\">\n\t\t\t\t<div class=\"elementor-widget-container\">\n\t\t\t\t\t<div class=\"elementor-icon-wrapper\">\n\t\t\t<div class=\"elementor-icon\">\n\t\t\t<i aria-hidden=\"true\" class=\"fas fa-arrow-alt-circle-down\"><\/i>\t\t\t<\/div>\n\t\t<\/div>\n\t\t\t\t<\/div>\n\t\t\t\t<\/div>\n\t\t\t\t\t<\/div>\n\t\t\t\t<\/div>\n\t\t<div class=\"elementor-element elementor-element-48a08ae e-flex e-con-boxed e-con\" data-id=\"48a08ae\" data-element_type=\"container\" data-settings=\"{&quot;content_width&quot;:&quot;boxed&quot;}\">\n\t\t\t\t\t<div class=\"e-con-inner\">\n\t\t<div class=\"elementor-element elementor-element-a53ceb6 e-con-full e-flex e-con\" data-id=\"a53ceb6\" data-element_type=\"container\" data-settings=\"{&quot;content_width&quot;:&quot;full&quot;}\">\n\t\t\t\t<div class=\"elementor-element elementor-element-3d30f0d elementor-widget elementor-widget-ld_gallery\" data-id=\"3d30f0d\" data-element_type=\"widget\" data-widget_type=\"ld_gallery.default\">\n\t\t\t\t<div class=\"elementor-widget-container\">\n\t\t\t\n\t\t<div class=\"lqd-img-gal\">\n\n\t\t\t<div class=\"lqd-img-gal-imgs\">\n\n\t\t\t\t<div class=\"carousel-container pos-rel carousel-nav-floated carousel-nav-center carousel-nav-middle carousel-nav-lg carousel-nav-solid carousel-nav-circle carousel-nav-appear-onhover carousel-dots-mobile-inside\">\n\t\t\t\t\t<div class=\"carousel-items pos-rel\" data-lqd-flickity='{ \"prevNextButtons\": true, \"navArrow\": \"6\", \"parallax\": true, \"adaptiveHeight\": true }' id=\"lqd-image-gallery-3d30f0dmain-carousel\">\n\n\t\t\t\t\t\t<div class=\"flickity-viewport pos-rel w-100 overflow-hidden\">\n\t\t\t\t\t\t\t<div class=\"flickity-slider d-flex w-100 h-100 pos-rel\" style=\"left: 0; transform: translateX(0%);\">\n\n\t\t\t\t\t\t\t\t\t\t\t\t\t\t\t\t<div class=\"carousel-item d-flex flex-column justify-content-center w-100 flex-auto has-one-child\">\n\t\t\t\t\t\t\t\t\t<div class=\"carousel-item-inner pos-rel w-100\">\n\t\t\t\t\t\t\t\t\t\t<div class=\"carousel-item-content pos-rel w-100\">\n\t\t\t\t\t\t\t\t\t\t\t<figure class=\"w-100\">\n\t\t\t\t\t\t\t\t\t\t\t\t<img decoding=\"async\" width=\"1200\" height=\"800\" src=\"https:\/\/sezerhayat.com.tr\/candy\/wp-content\/uploads\/2025\/11\/13.jpg\" class=\"w-100\" alt=\"\" srcset=\"https:\/\/sezerhayat.com.tr\/candy\/wp-content\/uploads\/2025\/11\/13.jpg 1200w, https:\/\/sezerhayat.com.tr\/candy\/wp-content\/uploads\/2025\/11\/13-300x200.jpg 300w, https:\/\/sezerhayat.com.tr\/candy\/wp-content\/uploads\/2025\/11\/13-1024x683.jpg 1024w\" sizes=\"(max-width: 1200px) 100vw, 1200px\" itemprop=\"image\" \/>\t\t\t\t\t\t\t\t\t\t\t<\/figure>\n\t\t\t\t\t\t\t\t\t\t<\/div>\n\t\t\t\t\t\t\t\t\t<\/div>\n\t\t\t\t\t\t\t\t<\/div>\n\t\t\t\t\t\t\t\t\t\t\t\t\t\t\t\t<div class=\"carousel-item d-flex flex-column justify-content-center w-100 flex-auto has-one-child\">\n\t\t\t\t\t\t\t\t\t<div class=\"carousel-item-inner pos-rel w-100\">\n\t\t\t\t\t\t\t\t\t\t<div class=\"carousel-item-content pos-rel w-100\">\n\t\t\t\t\t\t\t\t\t\t\t<figure class=\"w-100\">\n\t\t\t\t\t\t\t\t\t\t\t\t<img decoding=\"async\" width=\"1200\" height=\"800\" src=\"data:image\/svg+xml;charset=utf-8,%3Csvg xmlns%3D&#039;http%3A%2F%2Fwww.w3.org%2F2000%2Fsvg&#039; viewBox%3D&#039;0 0 1200 800&#039;%2F%3E\" class=\"w-100 ld-lazyload\" alt=\"\" itemprop=\"image\" data-src=\"https:\/\/sezerhayat.com.tr\/candy\/wp-content\/uploads\/2025\/11\/12.jpg\" data-srcset=\"https:\/\/sezerhayat.com.tr\/candy\/wp-content\/uploads\/2025\/11\/12.jpg 1200w, https:\/\/sezerhayat.com.tr\/candy\/wp-content\/uploads\/2025\/11\/12-300x200.jpg 300w, https:\/\/sezerhayat.com.tr\/candy\/wp-content\/uploads\/2025\/11\/12-1024x683.jpg 1024w\" data-sizes=\"(max-width: 1200px) 100vw, 1200px\" data-aspect=\"1.5\" \/>\t\t\t\t\t\t\t\t\t\t\t<\/figure>\n\t\t\t\t\t\t\t\t\t\t<\/div>\n\t\t\t\t\t\t\t\t\t<\/div>\n\t\t\t\t\t\t\t\t<\/div>\n\t\t\t\t\t\t\t\t\t\t\t\t\t\t\t\t<div class=\"carousel-item d-flex flex-column justify-content-center w-100 flex-auto has-one-child\">\n\t\t\t\t\t\t\t\t\t<div class=\"carousel-item-inner pos-rel w-100\">\n\t\t\t\t\t\t\t\t\t\t<div class=\"carousel-item-content pos-rel w-100\">\n\t\t\t\t\t\t\t\t\t\t\t<figure class=\"w-100\">\n\t\t\t\t\t\t\t\t\t\t\t\t<img decoding=\"async\" width=\"1200\" height=\"800\" src=\"data:image\/svg+xml;charset=utf-8,%3Csvg xmlns%3D&#039;http%3A%2F%2Fwww.w3.org%2F2000%2Fsvg&#039; viewBox%3D&#039;0 0 1200 800&#039;%2F%3E\" class=\"w-100 ld-lazyload\" alt=\"\" itemprop=\"image\" data-src=\"https:\/\/sezerhayat.com.tr\/candy\/wp-content\/uploads\/2025\/11\/11.jpg\" data-srcset=\"https:\/\/sezerhayat.com.tr\/candy\/wp-content\/uploads\/2025\/11\/11.jpg 1200w, https:\/\/sezerhayat.com.tr\/candy\/wp-content\/uploads\/2025\/11\/11-300x200.jpg 300w, https:\/\/sezerhayat.com.tr\/candy\/wp-content\/uploads\/2025\/11\/11-1024x683.jpg 1024w\" data-sizes=\"(max-width: 1200px) 100vw, 1200px\" data-aspect=\"1.5\" \/>\t\t\t\t\t\t\t\t\t\t\t<\/figure>\n\t\t\t\t\t\t\t\t\t\t<\/div>\n\t\t\t\t\t\t\t\t\t<\/div>\n\t\t\t\t\t\t\t\t<\/div>\n\t\t\t\t\t\t\t\t\t\t\t\t\t\t\t\t<div class=\"carousel-item d-flex flex-column justify-content-center w-100 flex-auto has-one-child\">\n\t\t\t\t\t\t\t\t\t<div class=\"carousel-item-inner pos-rel w-100\">\n\t\t\t\t\t\t\t\t\t\t<div class=\"carousel-item-content pos-rel w-100\">\n\t\t\t\t\t\t\t\t\t\t\t<figure class=\"w-100\">\n\t\t\t\t\t\t\t\t\t\t\t\t<img decoding=\"async\" width=\"1200\" height=\"800\" src=\"data:image\/svg+xml;charset=utf-8,%3Csvg xmlns%3D&#039;http%3A%2F%2Fwww.w3.org%2F2000%2Fsvg&#039; viewBox%3D&#039;0 0 1200 800&#039;%2F%3E\" class=\"w-100 ld-lazyload\" alt=\"\" itemprop=\"image\" data-src=\"https:\/\/sezerhayat.com.tr\/candy\/wp-content\/uploads\/2025\/11\/6.jpg\" data-srcset=\"https:\/\/sezerhayat.com.tr\/candy\/wp-content\/uploads\/2025\/11\/6.jpg 1200w, https:\/\/sezerhayat.com.tr\/candy\/wp-content\/uploads\/2025\/11\/6-300x200.jpg 300w, https:\/\/sezerhayat.com.tr\/candy\/wp-content\/uploads\/2025\/11\/6-1024x683.jpg 1024w\" data-sizes=\"(max-width: 1200px) 100vw, 1200px\" data-aspect=\"1.5\" \/>\t\t\t\t\t\t\t\t\t\t\t<\/figure>\n\t\t\t\t\t\t\t\t\t\t<\/div>\n\t\t\t\t\t\t\t\t\t<\/div>\n\t\t\t\t\t\t\t\t<\/div>\n\t\t\t\t\t\t\t\t\n\t\t\t\t\t\t\t<\/div>\n\t\t\t\t\t\t<\/div>\n\t\t\t\t\t<\/div>\n\t\t\t\t<\/div>\n\n\t\t\t<\/div>\n\n\t\t\t<div class=\"lqd-img-gal-thumbs\">\n\n\t\t\t\t<div class=\"carousel-container\">\n\t\t\t\t\t<div class=\"carousel-items pos-rel\" data-lqd-flickity='{ \"contain\": false, \"pageDots\": false, \"asNavFor\": \"#lqd-image-gallery-3d30f0dmain-carousel\" }'>\n\n\t\t\t\t\t\t<div class=\"flickity-viewport pos-rel w-100 overflow-hidden\">\n\t\t\t\t\t\t\t<div class=\"flickity-slider d-flex w-100 h-100 pos-rel\" style=\"left: 0; transform: translateX(0%);\">\n\n\t\t\t\t\t\t\t\t\t\t\t\t\t\t\t\t<div class=\"carousel-item d-flex flex-column justify-content-center flex-auto has-one-child\">\n\t\t\t\t\t\t\t\t\t<div class=\"carousel-item-inner pos-rel w-100\">\n\t\t\t\t\t\t\t\t\t\t<div class=\"carousel-item-content pos-rel w-100\">\n\t\t\t\t\t\t\t\t\t\t\t<figure class=\"w-100 pos-rel\">\n\t\t\t\t\t\t\t\t\t\t\t\t<img decoding=\"async\" width=\"105\" height=\"70\" src=\"data:image\/svg+xml;charset=utf-8,%3Csvg xmlns%3D&#039;http%3A%2F%2Fwww.w3.org%2F2000%2Fsvg&#039; viewBox%3D&#039;0 0 1200 800&#039;%2F%3E\" class=\"w-100 h-100 objfit-cover objfit-center ld-lazyload\" alt=\"\" itemprop=\"image\" data-src=\"https:\/\/sezerhayat.com.tr\/candy\/wp-content\/uploads\/2025\/11\/13.jpg\" data-srcset=\"https:\/\/sezerhayat.com.tr\/candy\/wp-content\/uploads\/2025\/11\/13.jpg 1200w, https:\/\/sezerhayat.com.tr\/candy\/wp-content\/uploads\/2025\/11\/13-300x200.jpg 300w, https:\/\/sezerhayat.com.tr\/candy\/wp-content\/uploads\/2025\/11\/13-1024x683.jpg 1024w\" data-sizes=\"(max-width: 105px) 100vw, 105px\" data-aspect=\"1.5\" \/>\t\t\t\t\t\t\t\t\t\t\t<\/figure>\n\t\t\t\t\t\t\t\t\t\t<\/div>\n\t\t\t\t\t\t\t\t\t<\/div>\n\t\t\t\t\t\t\t\t<\/div>\n\t\t\t\t\t\t\t\t\t\t\t\t\t\t\t\t<div class=\"carousel-item d-flex flex-column justify-content-center flex-auto has-one-child\">\n\t\t\t\t\t\t\t\t\t<div class=\"carousel-item-inner pos-rel w-100\">\n\t\t\t\t\t\t\t\t\t\t<div class=\"carousel-item-content pos-rel w-100\">\n\t\t\t\t\t\t\t\t\t\t\t<figure class=\"w-100 pos-rel\">\n\t\t\t\t\t\t\t\t\t\t\t\t<img decoding=\"async\" width=\"105\" height=\"70\" src=\"data:image\/svg+xml;charset=utf-8,%3Csvg xmlns%3D&#039;http%3A%2F%2Fwww.w3.org%2F2000%2Fsvg&#039; viewBox%3D&#039;0 0 1200 800&#039;%2F%3E\" class=\"w-100 h-100 objfit-cover objfit-center ld-lazyload\" alt=\"\" itemprop=\"image\" data-src=\"https:\/\/sezerhayat.com.tr\/candy\/wp-content\/uploads\/2025\/11\/12.jpg\" data-srcset=\"https:\/\/sezerhayat.com.tr\/candy\/wp-content\/uploads\/2025\/11\/12.jpg 1200w, https:\/\/sezerhayat.com.tr\/candy\/wp-content\/uploads\/2025\/11\/12-300x200.jpg 300w, https:\/\/sezerhayat.com.tr\/candy\/wp-content\/uploads\/2025\/11\/12-1024x683.jpg 1024w\" data-sizes=\"(max-width: 105px) 100vw, 105px\" data-aspect=\"1.5\" \/>\t\t\t\t\t\t\t\t\t\t\t<\/figure>\n\t\t\t\t\t\t\t\t\t\t<\/div>\n\t\t\t\t\t\t\t\t\t<\/div>\n\t\t\t\t\t\t\t\t<\/div>\n\t\t\t\t\t\t\t\t\t\t\t\t\t\t\t\t<div class=\"carousel-item d-flex flex-column justify-content-center flex-auto has-one-child\">\n\t\t\t\t\t\t\t\t\t<div class=\"carousel-item-inner pos-rel w-100\">\n\t\t\t\t\t\t\t\t\t\t<div class=\"carousel-item-content pos-rel w-100\">\n\t\t\t\t\t\t\t\t\t\t\t<figure class=\"w-100 pos-rel\">\n\t\t\t\t\t\t\t\t\t\t\t\t<img decoding=\"async\" width=\"105\" height=\"70\" src=\"data:image\/svg+xml;charset=utf-8,%3Csvg xmlns%3D&#039;http%3A%2F%2Fwww.w3.org%2F2000%2Fsvg&#039; viewBox%3D&#039;0 0 1200 800&#039;%2F%3E\" class=\"w-100 h-100 objfit-cover objfit-center ld-lazyload\" alt=\"\" itemprop=\"image\" data-src=\"https:\/\/sezerhayat.com.tr\/candy\/wp-content\/uploads\/2025\/11\/11.jpg\" data-srcset=\"https:\/\/sezerhayat.com.tr\/candy\/wp-content\/uploads\/2025\/11\/11.jpg 1200w, https:\/\/sezerhayat.com.tr\/candy\/wp-content\/uploads\/2025\/11\/11-300x200.jpg 300w, https:\/\/sezerhayat.com.tr\/candy\/wp-content\/uploads\/2025\/11\/11-1024x683.jpg 1024w\" data-sizes=\"(max-width: 105px) 100vw, 105px\" data-aspect=\"1.5\" \/>\t\t\t\t\t\t\t\t\t\t\t<\/figure>\n\t\t\t\t\t\t\t\t\t\t<\/div>\n\t\t\t\t\t\t\t\t\t<\/div>\n\t\t\t\t\t\t\t\t<\/div>\n\t\t\t\t\t\t\t\t\t\t\t\t\t\t\t\t<div class=\"carousel-item d-flex flex-column justify-content-center flex-auto has-one-child\">\n\t\t\t\t\t\t\t\t\t<div class=\"carousel-item-inner pos-rel w-100\">\n\t\t\t\t\t\t\t\t\t\t<div class=\"carousel-item-content pos-rel w-100\">\n\t\t\t\t\t\t\t\t\t\t\t<figure class=\"w-100 pos-rel\">\n\t\t\t\t\t\t\t\t\t\t\t\t<img decoding=\"async\" width=\"105\" height=\"70\" src=\"data:image\/svg+xml;charset=utf-8,%3Csvg xmlns%3D&#039;http%3A%2F%2Fwww.w3.org%2F2000%2Fsvg&#039; viewBox%3D&#039;0 0 1200 800&#039;%2F%3E\" class=\"w-100 h-100 objfit-cover objfit-center ld-lazyload\" alt=\"\" itemprop=\"image\" data-src=\"https:\/\/sezerhayat.com.tr\/candy\/wp-content\/uploads\/2025\/11\/6.jpg\" data-srcset=\"https:\/\/sezerhayat.com.tr\/candy\/wp-content\/uploads\/2025\/11\/6.jpg 1200w, https:\/\/sezerhayat.com.tr\/candy\/wp-content\/uploads\/2025\/11\/6-300x200.jpg 300w, https:\/\/sezerhayat.com.tr\/candy\/wp-content\/uploads\/2025\/11\/6-1024x683.jpg 1024w\" data-sizes=\"(max-width: 105px) 100vw, 105px\" data-aspect=\"1.5\" \/>\t\t\t\t\t\t\t\t\t\t\t<\/figure>\n\t\t\t\t\t\t\t\t\t\t<\/div>\n\t\t\t\t\t\t\t\t\t<\/div>\n\t\t\t\t\t\t\t\t<\/div>\n\t\t\t\t\t\t\t\t\n\t\t\t\t\t\t\t<\/div>\n\t\t\t\t\t\t<\/div>\n\t\t\t\t\t<\/div>\n\t\t\t\t<\/div>\n\n\t\t\t<\/div>\n\n\t\t<\/div>\n\n\t\t\t\t<\/div>\n\t\t\t\t<\/div>\n\t\t\t\t<\/div>\n\t\t<div class=\"elementor-element elementor-element-f041a23 e-con-full e-flex e-con\" data-id=\"f041a23\" data-element_type=\"container\" data-settings=\"{&quot;content_width&quot;:&quot;full&quot;}\">\n\t\t\t\t<div class=\"elementor-element elementor-element-1eb6710 elementor-widget elementor-widget-text-editor\" data-id=\"1eb6710\" data-element_type=\"widget\" data-widget_type=\"text-editor.default\">\n\t\t\t\t<div class=\"elementor-widget-container\">\n\t\t\t<style>\/*! elementor - v3.15.0 - 20-08-2023 *\/\n.elementor-widget-text-editor.elementor-drop-cap-view-stacked .elementor-drop-cap{background-color:#69727d;color:#fff}.elementor-widget-text-editor.elementor-drop-cap-view-framed .elementor-drop-cap{color:#69727d;border:3px solid;background-color:transparent}.elementor-widget-text-editor:not(.elementor-drop-cap-view-default) .elementor-drop-cap{margin-top:8px}.elementor-widget-text-editor:not(.elementor-drop-cap-view-default) .elementor-drop-cap-letter{width:1em;height:1em}.elementor-widget-text-editor .elementor-drop-cap{float:left;text-align:center;line-height:1;font-size:50px}.elementor-widget-text-editor .elementor-drop-cap-letter{display:inline-block}<\/style>\t\t\t\t<h3>\ud83d\udc85 Protez T\u0131rnak<\/h3><h4>Estetik Form ve Kal\u0131c\u0131 Zarafet<\/h4><p>Protez t\u0131rnak uygulamalar\u0131m\u0131z, t\u0131rnaklar\u0131nda uzun s\u00fcreli estetik, dayan\u0131kl\u0131l\u0131k ve kusursuz bir g\u00f6r\u00fcn\u00fcm arayan misafirlerimiz i\u00e7in ideal bir \u00e7\u00f6z\u00fcmd\u00fcr.<\/p><p>Uzman tekniklerimizle do\u011fal t\u0131rna\u011fa zarar vermeden uygulanan bu y\u00f6ntem, t\u0131rnak formunu d\u00fczeltir, k\u0131r\u0131lmalar\u0131 \u00f6nler ve p\u00fcr\u00fczs\u00fcz bir y\u00fczey olu\u015fturur. B\u00f6ylece t\u0131rnaklar\u0131n\u0131z her zaman bak\u0131ml\u0131, g\u00fc\u00e7l\u00fc ve estetik a\u00e7\u0131dan m\u00fckemmel bir g\u00f6r\u00fcn\u00fcme sahip olur.<\/p>\t\t\t\t\t\t<\/div>\n\t\t\t\t<\/div>\n\t\t\t\t<\/div>\n\t\t\t\t\t<\/div>\n\t\t\t\t<\/div>\n\t\t<div class=\"elementor-element elementor-element-b80c269 e-flex e-con-boxed e-con\" data-id=\"b80c269\" data-element_type=\"container\" data-settings=\"{&quot;content_width&quot;:&quot;boxed&quot;}\">\n\t\t\t\t\t<div class=\"e-con-inner\">\n\t\t\t\t<div class=\"elementor-element elementor-element-5d6ad93 elementor-cta--skin-classic elementor-animated-content elementor-bg-transform elementor-bg-transform-zoom-in elementor-widget elementor-widget-call-to-action\" data-id=\"5d6ad93\" data-element_type=\"widget\" data-widget_type=\"call-to-action.default\">\n\t\t\t\t<div class=\"elementor-widget-container\">\n\t\t\t<link rel=\"stylesheet\" href=\"https:\/\/sezerhayat.com.tr\/candy\/wp-content\/uploads\/elementor\/css\/custom-pro-widget-call-to-action.min.css?ver=1764585398\">\t\t<div class=\"elementor-cta\">\n\t\t\t\t\t<div class=\"elementor-cta__bg-wrapper\">\n\t\t\t\t<div class=\"elementor-cta__bg elementor-bg\" style=\"background-image: url(https:\/\/sezerhayat.com.tr\/candy\/wp-content\/uploads\/2025\/11\/WhatsApp-Image-2025-11-23-at-15.12.32-1024x768.jpeg);\"><\/div>\n\t\t\t\t<div class=\"elementor-cta__bg-overlay\"><\/div>\n\t\t\t<\/div>\n\t\t\t\t\t\t\t<div class=\"elementor-cta__content\">\n\t\t\t\t\n\t\t\t\t<h2 class=\"elementor-cta__title elementor-cta__content-item elementor-content-item\">Kendinize Bug\u00fcn Bir \u0130yilik Yap\u0131n<\/h2>\n\t\t\t\t\t\t\t\t\t<div class=\"elementor-cta__description elementor-cta__content-item elementor-content-item\">\n\t\t\t\t\t\tRandevu Al\u0131n\t\t\t\t\t<\/div>\n\t\t\t\t\n\t\t\t\t\t\t\t\t\t<div class=\"elementor-cta__button-wrapper elementor-cta__content-item elementor-content-item \">\n\t\t\t\t\t<a class=\"elementor-cta__button elementor-button elementor-size-sm\" href=\"https:\/\/sezerhayat.com.tr\/candy\/iletisim\/\">\n\t\t\t\t\t\t\u0130leti\u015fim\t\t\t\t\t<\/a>\n\t\t\t\t\t<\/div>\n\t\t\t\t\t\t\t<\/div>\n\t\t\t\t\t\t<\/div>\n\t\t\t\t<\/div>\n\t\t\t\t<\/div>\n\t\t\t\t\t<\/div>\n\t\t\t\t<\/div>\n\t\t\t\t\t\t\t<\/div>\n\t\t","protected":false},"excerpt":{"rendered":"<p>Genel Bilgiler ve Hizmetlerimiz G\u00fcng\u00f6r Legal, ticari hayat\u0131n gerektirdi\u011fi hukuki g\u00fcvenli\u011fi sa\u011flamak ve \u015firketlerin faaliyetlerini yasal \u00e7er\u00e7evede s\u00fcrd\u00fcrebilmelerini desteklemek amac\u0131yla kapsaml\u0131 dan\u0131\u015fmanl\u0131k hizmetleri sunmaktad\u0131r. Avukat Ekin G\u00fcng\u00f6r, yerli ve yabanc\u0131 sermayeli \u015firketlerin kurulu\u015fundan tasfiyesine kadar t\u00fcm s\u00fcre\u00e7lerinde profesyonel hukuki rehberlik sa\u011flamaktad\u0131r. \u015eirket Kurulu\u015fu ve S\u00f6zle\u015fmelerin Haz\u0131rlanmas\u0131 Ticari faaliyetlerin sa\u011flam bir zeminde y\u00fcr\u00fct\u00fclmesi, kurulu\u015f a\u015famas\u0131nda at\u0131lan [&hellip;]<\/p>\n","protected":false},"author":1,"featured_media":0,"parent":0,"menu_order":0,"comment_status":"closed","ping_status":"closed","template":"","meta":{"footnotes":""},"class_list":["post-2503","page","type-page","status-publish","hentry"],"_links":{"self":[{"href":"https:\/\/sezerhayat.com.tr\/candy\/wp-json\/wp\/v2\/pages\/2503","targetHints":{"allow":["GET"]}}],"collection":[{"href":"https:\/\/sezerhayat.com.tr\/candy\/wp-json\/wp\/v2\/pages"}],"about":[{"href":"https:\/\/sezerhayat.com.tr\/candy\/wp-json\/wp\/v2\/types\/page"}],"author":[{"embeddable":true,"href":"https:\/\/sezerhayat.com.tr\/candy\/wp-json\/wp\/v2\/users\/1"}],"replies":[{"embeddable":true,"href":"https:\/\/sezerhayat.com.tr\/candy\/wp-json\/wp\/v2\/comments?post=2503"}],"version-history":[{"count":21,"href":"https:\/\/sezerhayat.com.tr\/candy\/wp-json\/wp\/v2\/pages\/2503\/revisions"}],"predecessor-version":[{"id":2878,"href":"https:\/\/sezerhayat.com.tr\/candy\/wp-json\/wp\/v2\/pages\/2503\/revisions\/2878"}],"wp:attachment":[{"href":"https:\/\/sezerhayat.com.tr\/candy\/wp-json\/wp\/v2\/media?parent=2503"}],"curies":[{"name":"wp","href":"https:\/\/api.w.org\/{rel}","templated":true}]}}