{"id":1297,"date":"2023-08-31T07:37:26","date_gmt":"2023-08-31T07:37:26","guid":{"rendered":"https:\/\/sezerhayat.com.tr\/candy\/?page_id=1297"},"modified":"2025-11-26T15:34:29","modified_gmt":"2025-11-26T15:34:29","slug":"hizmetlerimiz","status":"publish","type":"page","link":"https:\/\/sezerhayat.com.tr\/candy\/hizmetlerimiz\/","title":{"rendered":"Hizmetlerimiz"},"content":{"rendered":"\t\t<div data-elementor-type=\"wp-page\" data-elementor-id=\"1297\" class=\"elementor elementor-1297\">\n\t\t\t\t\t\t\t<div class=\"elementor-element elementor-element-f15efc9 e-flex e-con-boxed e-con\" data-id=\"f15efc9\" data-element_type=\"container\" data-settings=\"{&quot;background_background&quot;:&quot;classic&quot;,&quot;content_width&quot;:&quot;boxed&quot;}\">\n\t\t\t\t\t<div class=\"e-con-inner\">\n\t\t\t\t<div class=\"elementor-element elementor-element-b8d7571 elementor-view-default elementor-widget elementor-widget-icon\" data-id=\"b8d7571\" data-element_type=\"widget\" data-widget_type=\"icon.default\">\n\t\t\t\t<div class=\"elementor-widget-container\">\n\t\t\t\t\t<div class=\"elementor-icon-wrapper\">\n\t\t\t<div class=\"elementor-icon\">\n\t\t\t<i aria-hidden=\"true\" class=\"fas fa-arrow-alt-circle-down\"><\/i>\t\t\t<\/div>\n\t\t<\/div>\n\t\t\t\t<\/div>\n\t\t\t\t<\/div>\n\t\t\t\t\t<\/div>\n\t\t\t\t<\/div>\n\t\t<div class=\"elementor-element elementor-element-9f870a6 e-flex e-con-boxed e-con\" data-id=\"9f870a6\" data-element_type=\"container\" data-settings=\"{&quot;content_width&quot;:&quot;boxed&quot;}\">\n\t\t\t\t\t<div class=\"e-con-inner\">\n\t\t<div class=\"elementor-element elementor-element-fb8adf9 e-con-full e-flex e-con\" data-id=\"fb8adf9\" data-element_type=\"container\" data-settings=\"{&quot;content_width&quot;:&quot;full&quot;}\">\n\t\t\t\t<div class=\"elementor-element elementor-element-4c039e5 elementor-widget elementor-widget-ld_content_box\" data-id=\"4c039e5\" data-element_type=\"widget\" data-widget_type=\"ld_content_box.default\">\n\t\t\t\t<div class=\"elementor-widget-container\">\n\t\t\t\n\t\t<div class=\"lqd-fb pos-rel lqd-fb-style-1 lqd-fb-style-1-1 lqd-fb-content-overlay lqd-fb-zoom-img-onhover border-radius-4 overflow-hidden h-pt-80\" data-inview=\"true\">\n\t\t\n\t\t\t<div class=\"lqd-fb-inner lqd-overlay\" data-slideelement-onhover=\"true\" data-slideelement-options='{ \"visibleElement\": \"h6, h2\", \"hiddenElement\": \".lqd-fb-txt\", \"disableOnMobile\": true }'>\n\n\t\t\t\t<div class=\"overflow-hidden lqd-fb-img lqd-overlay\">\n\n\t\t\t\t\t<figure class=\"w-100 h-100\">\n\t\t\t\t\t\t<img decoding=\"async\" class=\"w-100 h-100 objfit-cover objfit-center\" src=\"https:\/\/sezerhayat.com.tr\/candy\/wp-content\/uploads\/2025\/11\/WhatsApp-Image-2025-11-23-at-17.20.59-1.jpeg\">\t\t\t\t\t<\/figure>\n\n\t\t\t\t<\/div>\n\n\t\t\t\t<div class=\"lqd-fb-content lqd-overlay d-flex align-items-end\">\n\t\t\t\t\t<div class=\"lqd-fb-bg lqd-overlay\"><\/div>\n\t\t\t\t\t<div\n\t\t\t\t\tclass=\"lqd-fb-content-inner pos-rel w-100\"\n\t\t\t\t\tdata-custom-animations=\"true\"\n\t\t\t\t\tdata-ca-options='{ \"triggerHandler\": \"inview\", \"animationTarget\": \"h6, h2, .lqd-fb-txt\", \"duration\": 1200, \"delay\": 120,  \"startDelay\": 250, \"initValues\": { \"y\": 30, \"opacity\": 0 }, \"animations\": { \"y\": 0, \"opacity\": 1 } }'>\n\n\t\t\t\t\t\t\t\t\t\t\t\t<h6 class=\"mt-0 mb-4\">\n\t\t\t\t\t\t\tCandy Nail Art\t\t\t\t\t\t<\/h6>\n\t\t\t\t\t\t\n\t\t\t\t\t\t<h2 class=\"mt-0 mb-0 lqd-fb__title \">Protez T\u0131rnak<\/h2>\n\t\t\t\t\t\t\n\t\t\t\t\t\t\t\t\t\t\t\t\t<a href=\"https:\/\/sezerhayat.com.tr\/candy\/protez-tirnak\/\" class=\"lqd-overlay\"><\/a>\n\t\t\t\t\t\t\n\t\t\t\t\t<\/div>\n\t\t\t\t<\/div>\n\n\t\t\t<\/div>\n\n\t\t\t\t\t<\/div>\n\t\t\t\t<\/div>\n\t\t\t\t<\/div>\n\t\t\t\t<\/div>\n\t\t<div class=\"elementor-element elementor-element-3d4c3b1 e-con-full e-flex e-con\" data-id=\"3d4c3b1\" data-element_type=\"container\" data-settings=\"{&quot;content_width&quot;:&quot;full&quot;}\">\n\t\t\t\t<div class=\"elementor-element elementor-element-d824395 elementor-widget elementor-widget-ld_content_box\" data-id=\"d824395\" data-element_type=\"widget\" data-widget_type=\"ld_content_box.default\">\n\t\t\t\t<div class=\"elementor-widget-container\">\n\t\t\t\n\t\t<div class=\"lqd-fb pos-rel lqd-fb-style-1 lqd-fb-style-1-1 lqd-fb-content-overlay lqd-fb-zoom-img-onhover border-radius-4 overflow-hidden h-pt-80\" data-inview=\"true\">\n\t\t\n\t\t\t<div class=\"lqd-fb-inner lqd-overlay\" data-slideelement-onhover=\"true\" data-slideelement-options='{ \"visibleElement\": \"h6, h2\", \"hiddenElement\": \".lqd-fb-txt\", \"disableOnMobile\": true }'>\n\n\t\t\t\t<div class=\"overflow-hidden lqd-fb-img lqd-overlay\">\n\n\t\t\t\t\t<figure class=\"w-100 h-100\">\n\t\t\t\t\t\t<img decoding=\"async\" class=\"w-100 h-100 objfit-cover objfit-center\" src=\"https:\/\/sezerhayat.com.tr\/candy\/wp-content\/uploads\/2025\/11\/13.jpg\">\t\t\t\t\t<\/figure>\n\n\t\t\t\t<\/div>\n\n\t\t\t\t<div class=\"lqd-fb-content lqd-overlay d-flex align-items-end\">\n\t\t\t\t\t<div class=\"lqd-fb-bg lqd-overlay\"><\/div>\n\t\t\t\t\t<div\n\t\t\t\t\tclass=\"lqd-fb-content-inner pos-rel w-100\"\n\t\t\t\t\tdata-custom-animations=\"true\"\n\t\t\t\t\tdata-ca-options='{ \"triggerHandler\": \"inview\", \"animationTarget\": \"h6, h2, .lqd-fb-txt\", \"duration\": 1200, \"delay\": 120,  \"startDelay\": 250, \"initValues\": { \"y\": 30, \"opacity\": 0 }, \"animations\": { \"y\": 0, \"opacity\": 1 } }'>\n\n\t\t\t\t\t\t\t\t\t\t\t\t<h6 class=\"mt-0 mb-4\">\n\t\t\t\t\t\t\tCandy Nail Art\t\t\t\t\t\t<\/h6>\n\t\t\t\t\t\t\n\t\t\t\t\t\t<h2 class=\"mt-0 mb-0 lqd-fb__title \">Kal\u0131c\u0131 Oje<\/h2>\n\t\t\t\t\t\t\n\t\t\t\t\t\t\t\t\t\t\t\t\t<a href=\"https:\/\/sezerhayat.com.tr\/candy\/kalici-oje\/\" class=\"lqd-overlay\"><\/a>\n\t\t\t\t\t\t\n\t\t\t\t\t<\/div>\n\t\t\t\t<\/div>\n\n\t\t\t<\/div>\n\n\t\t\t\t\t<\/div>\n\t\t\t\t<\/div>\n\t\t\t\t<\/div>\n\t\t\t\t<\/div>\n\t\t\t\t\t<\/div>\n\t\t\t\t<\/div>\n\t\t<div class=\"elementor-element elementor-element-7a1f158 e-flex e-con-boxed e-con\" data-id=\"7a1f158\" data-element_type=\"container\" data-settings=\"{&quot;content_width&quot;:&quot;boxed&quot;}\">\n\t\t\t\t\t<div class=\"e-con-inner\">\n\t\t<div class=\"elementor-element elementor-element-7cd8fec e-con-full e-flex e-con\" data-id=\"7cd8fec\" data-element_type=\"container\" data-settings=\"{&quot;content_width&quot;:&quot;full&quot;}\">\n\t\t\t\t<div class=\"elementor-element elementor-element-10d3ec2 elementor-widget elementor-widget-ld_content_box\" data-id=\"10d3ec2\" data-element_type=\"widget\" data-widget_type=\"ld_content_box.default\">\n\t\t\t\t<div class=\"elementor-widget-container\">\n\t\t\t\n\t\t<div class=\"lqd-fb pos-rel lqd-fb-style-1 lqd-fb-style-1-1 lqd-fb-content-overlay lqd-fb-zoom-img-onhover border-radius-4 overflow-hidden h-pt-80\" data-inview=\"true\">\n\t\t\n\t\t\t<div class=\"lqd-fb-inner lqd-overlay\" data-slideelement-onhover=\"true\" data-slideelement-options='{ \"visibleElement\": \"h6, h2\", \"hiddenElement\": \".lqd-fb-txt\", \"disableOnMobile\": true }'>\n\n\t\t\t\t<div class=\"overflow-hidden lqd-fb-img lqd-overlay\">\n\n\t\t\t\t\t<figure class=\"w-100 h-100\">\n\t\t\t\t\t\t<img decoding=\"async\" class=\"w-100 h-100 objfit-cover objfit-center\" src=\"https:\/\/sezerhayat.com.tr\/candy\/wp-content\/uploads\/2025\/11\/WhatsApp-Image-2025-11-23-at-17.14.02.jpeg\">\t\t\t\t\t<\/figure>\n\n\t\t\t\t<\/div>\n\n\t\t\t\t<div class=\"lqd-fb-content lqd-overlay d-flex align-items-end\">\n\t\t\t\t\t<div class=\"lqd-fb-bg lqd-overlay\"><\/div>\n\t\t\t\t\t<div\n\t\t\t\t\tclass=\"lqd-fb-content-inner pos-rel w-100\"\n\t\t\t\t\tdata-custom-animations=\"true\"\n\t\t\t\t\tdata-ca-options='{ \"triggerHandler\": \"inview\", \"animationTarget\": \"h6, h2, .lqd-fb-txt\", \"duration\": 1200, \"delay\": 120,  \"startDelay\": 250, \"initValues\": { \"y\": 30, \"opacity\": 0 }, \"animations\": { \"y\": 0, \"opacity\": 1 } }'>\n\n\t\t\t\t\t\t\t\t\t\t\t\t<h6 class=\"mt-0 mb-4\">\n\t\t\t\t\t\t\tCandy Nail Art\t\t\t\t\t\t<\/h6>\n\t\t\t\t\t\t\n\t\t\t\t\t\t<h2 class=\"mt-0 mb-0 lqd-fb__title \">\u0130pek Kirpik<\/h2>\n\t\t\t\t\t\t\n\t\t\t\t\t\t\t\t\t\t\t\t\t<a href=\"https:\/\/sezerhayat.com.tr\/candy\/ipek-kirpik\/\" class=\"lqd-overlay\"><\/a>\n\t\t\t\t\t\t\n\t\t\t\t\t<\/div>\n\t\t\t\t<\/div>\n\n\t\t\t<\/div>\n\n\t\t\t\t\t<\/div>\n\t\t\t\t<\/div>\n\t\t\t\t<\/div>\n\t\t\t\t<\/div>\n\t\t<div class=\"elementor-element elementor-element-7b78c02 e-con-full e-flex e-con\" data-id=\"7b78c02\" data-element_type=\"container\" data-settings=\"{&quot;content_width&quot;:&quot;full&quot;}\">\n\t\t\t\t<div class=\"elementor-element elementor-element-d0d3137 elementor-widget elementor-widget-ld_content_box\" data-id=\"d0d3137\" data-element_type=\"widget\" data-widget_type=\"ld_content_box.default\">\n\t\t\t\t<div class=\"elementor-widget-container\">\n\t\t\t\n\t\t<div class=\"lqd-fb pos-rel lqd-fb-style-1 lqd-fb-style-1-1 lqd-fb-content-overlay lqd-fb-zoom-img-onhover border-radius-4 overflow-hidden h-pt-80\" data-inview=\"true\">\n\t\t\n\t\t\t<div class=\"lqd-fb-inner lqd-overlay\" data-slideelement-onhover=\"true\" data-slideelement-options='{ \"visibleElement\": \"h6, h2\", \"hiddenElement\": \".lqd-fb-txt\", \"disableOnMobile\": true }'>\n\n\t\t\t\t<div class=\"overflow-hidden lqd-fb-img lqd-overlay\">\n\n\t\t\t\t\t<figure class=\"w-100 h-100\">\n\t\t\t\t\t\t<img decoding=\"async\" class=\"w-100 h-100 objfit-cover objfit-center\" src=\"https:\/\/sezerhayat.com.tr\/candy\/wp-content\/uploads\/2025\/11\/WhatsApp-Image-2025-11-23-at-17.14.03.jpeg\">\t\t\t\t\t<\/figure>\n\n\t\t\t\t<\/div>\n\n\t\t\t\t<div class=\"lqd-fb-content lqd-overlay d-flex align-items-end\">\n\t\t\t\t\t<div class=\"lqd-fb-bg lqd-overlay\"><\/div>\n\t\t\t\t\t<div\n\t\t\t\t\tclass=\"lqd-fb-content-inner pos-rel w-100\"\n\t\t\t\t\tdata-custom-animations=\"true\"\n\t\t\t\t\tdata-ca-options='{ \"triggerHandler\": \"inview\", \"animationTarget\": \"h6, h2, .lqd-fb-txt\", \"duration\": 1200, \"delay\": 120,  \"startDelay\": 250, \"initValues\": { \"y\": 30, \"opacity\": 0 }, \"animations\": { \"y\": 0, \"opacity\": 1 } }'>\n\n\t\t\t\t\t\t\t\t\t\t\t\t<h6 class=\"mt-0 mb-4\">\n\t\t\t\t\t\t\tCandy Nail Art\t\t\t\t\t\t<\/h6>\n\t\t\t\t\t\t\n\t\t\t\t\t\t<h2 class=\"mt-0 mb-0 lqd-fb__title \">Ka\u015f Laminasyon<\/h2>\n\t\t\t\t\t\t\n\t\t\t\t\t\t\t\t\t\t\t\t\t<a href=\"https:\/\/sezerhayat.com.tr\/candy\/kas-laminasyon\/\" class=\"lqd-overlay\"><\/a>\n\t\t\t\t\t\t\n\t\t\t\t\t<\/div>\n\t\t\t\t<\/div>\n\n\t\t\t<\/div>\n\n\t\t\t\t\t<\/div>\n\t\t\t\t<\/div>\n\t\t\t\t<\/div>\n\t\t\t\t<\/div>\n\t\t\t\t\t<\/div>\n\t\t\t\t<\/div>\n\t\t\t\t\t\t\t<\/div>\n\t\t","protected":false},"excerpt":{"rendered":"<p>Candy Nail Art Protez T\u0131rnak Candy Nail Art Kal\u0131c\u0131 Oje Candy Nail Art \u0130pek Kirpik Candy Nail Art Ka\u015f Laminasyon<\/p>\n","protected":false},"author":1,"featured_media":0,"parent":0,"menu_order":0,"comment_status":"closed","ping_status":"closed","template":"","meta":{"footnotes":""},"class_list":["post-1297","page","type-page","status-publish","hentry"],"_links":{"self":[{"href":"https:\/\/sezerhayat.com.tr\/candy\/wp-json\/wp\/v2\/pages\/1297","targetHints":{"allow":["GET"]}}],"collection":[{"href":"https:\/\/sezerhayat.com.tr\/candy\/wp-json\/wp\/v2\/pages"}],"about":[{"href":"https:\/\/sezerhayat.com.tr\/candy\/wp-json\/wp\/v2\/types\/page"}],"author":[{"embeddable":true,"href":"https:\/\/sezerhayat.com.tr\/candy\/wp-json\/wp\/v2\/users\/1"}],"replies":[{"embeddable":true,"href":"https:\/\/sezerhayat.com.tr\/candy\/wp-json\/wp\/v2\/comments?post=1297"}],"version-history":[{"count":59,"href":"https:\/\/sezerhayat.com.tr\/candy\/wp-json\/wp\/v2\/pages\/1297\/revisions"}],"predecessor-version":[{"id":2873,"href":"https:\/\/sezerhayat.com.tr\/candy\/wp-json\/wp\/v2\/pages\/1297\/revisions\/2873"}],"wp:attachment":[{"href":"https:\/\/sezerhayat.com.tr\/candy\/wp-json\/wp\/v2\/media?parent=1297"}],"curies":[{"name":"wp","href":"https:\/\/api.w.org\/{rel}","templated":true}]}}